{"id":429,"date":"2024-03-05T09:58:21","date_gmt":"2024-03-05T06:58:21","guid":{"rendered":"https:\/\/casacalda.md\/?page_id=429"},"modified":"2024-03-05T10:05:17","modified_gmt":"2024-03-05T07:05:17","slug":"contacte","status":"publish","type":"page","link":"https:\/\/casacalda.md\/?page_id=429","title":{"rendered":"Contacte"},"content":{"rendered":"\n<p>Casa Cald\u0103 S.R.L.<\/p>\n\n\n\n<p><strong>Program de lucru:<\/strong> Luni &#8211; Vineri( de la 9:00 pan\u0103 la 18:00)<\/p>\n\n\n\n<p>S\u00e2mb\u0103t\u0103, Duminic\u0103 &#8211; zi liber\u0103.<br><strong>&#8211;&#8211;&#8211;&#8211;&#8211;&#8211;&#8211;&#8211;&#8211;&#8211;&#8211;&#8211;&#8211;&#8211;&#8211;<\/strong><\/p>\n\n\n\n<p><strong>Telefon de contact:<\/strong> <a href=\"tel:022%2092%2057%2057\">022-92-57-57<\/a> sau <a href=\"tel:%2B373%20685%2030%20888\">+373 685 30 888<\/a><\/p>\n\n\n\n<p><strong>Adresa:<\/strong> <a href=\"https:\/\/maps.app.goo.gl\/TGkb26tjrrMkHxF5A\">Strada Liv\u0103darilor 103, Codru, Moldova<\/a><\/p>\n\n\n\n<p><strong>Amplasarea:<\/strong><\/p>\n\n\n\n<figure class=\"wp-block-image size-large\"><img loading=\"lazy\" decoding=\"async\" width=\"1024\" height=\"791\" src=\"https:\/\/casacalda.md\/wp-content\/uploads\/2024\/03\/Screenshot-2024-03-05-at-08.52.31-1024x791.png\" alt=\"\" class=\"wp-image-430\" srcset=\"https:\/\/casacalda.md\/wp-content\/uploads\/2024\/03\/Screenshot-2024-03-05-at-08.52.31-1024x791.png 1024w, https:\/\/casacalda.md\/wp-content\/uploads\/2024\/03\/Screenshot-2024-03-05-at-08.52.31-300x232.png 300w, https:\/\/casacalda.md\/wp-content\/uploads\/2024\/03\/Screenshot-2024-03-05-at-08.52.31-768x594.png 768w, https:\/\/casacalda.md\/wp-content\/uploads\/2024\/03\/Screenshot-2024-03-05-at-08.52.31-1536x1187.png 1536w, https:\/\/casacalda.md\/wp-content\/uploads\/2024\/03\/Screenshot-2024-03-05-at-08.52.31-600x464.png 600w, https:\/\/casacalda.md\/wp-content\/uploads\/2024\/03\/Screenshot-2024-03-05-at-08.52.31.png 1814w\" sizes=\"auto, (max-width: 1024px) 100vw, 1024px\" \/><\/figure>\n","protected":false},"excerpt":{"rendered":"<p>Casa Cald\u0103 S.R.L. Program de lucru: Luni &#8211; Vineri( de la 9:00 pan\u0103 la 18:00) S\u00e2mb\u0103t\u0103, Duminic\u0103 &#8211; zi liber\u0103.&#8211;&#8211;&#8211;&#8211;&#8211;&#8211;&#8211;&#8211;&#8211;&#8211;&#8211;&#8211;&#8211;&#8211;&#8211; Telefon de contact: 022-92-57-57 sau +373 685 30 888 Adresa: Strada Liv\u0103darilor 103, Codru, Moldova Amplasarea:<\/p>\n","protected":false},"author":1,"featured_media":0,"parent":0,"menu_order":0,"comment_status":"closed","ping_status":"closed","template":"","meta":{"site-container-style":"default","site-container-layout":"default","site-sidebar-layout":"default","disable-article-header":"default","disable-site-header":"default","disable-site-footer":"default","disable-content-area-spacing":"default","footnotes":""},"class_list":["post-429","page","type-page","status-publish","hentry"],"jetpack_sharing_enabled":true,"_links":{"self":[{"href":"https:\/\/casacalda.md\/index.php?rest_route=\/wp\/v2\/pages\/429","targetHints":{"allow":["GET"]}}],"collection":[{"href":"https:\/\/casacalda.md\/index.php?rest_route=\/wp\/v2\/pages"}],"about":[{"href":"https:\/\/casacalda.md\/index.php?rest_route=\/wp\/v2\/types\/page"}],"author":[{"embeddable":true,"href":"https:\/\/casacalda.md\/index.php?rest_route=\/wp\/v2\/users\/1"}],"replies":[{"embeddable":true,"href":"https:\/\/casacalda.md\/index.php?rest_route=%2Fwp%2Fv2%2Fcomments&post=429"}],"version-history":[{"count":4,"href":"https:\/\/casacalda.md\/index.php?rest_route=\/wp\/v2\/pages\/429\/revisions"}],"predecessor-version":[{"id":570,"href":"https:\/\/casacalda.md\/index.php?rest_route=\/wp\/v2\/pages\/429\/revisions\/570"}],"wp:attachment":[{"href":"https:\/\/casacalda.md\/index.php?rest_route=%2Fwp%2Fv2%2Fmedia&parent=429"}],"curies":[{"name":"wp","href":"https:\/\/api.w.org\/{rel}","templated":true}]}}