{"id":67,"date":"2023-06-16T16:26:52","date_gmt":"2023-06-16T13:26:52","guid":{"rendered":"https:\/\/casacalda.org\/?page_id=67"},"modified":"2024-03-05T09:38:45","modified_gmt":"2024-03-05T06:38:45","slug":"homepage","status":"publish","type":"page","link":"https:\/\/casacalda.md\/","title":{"rendered":"Pagina principala"},"content":{"rendered":"\n<div class=\"wp-block-cover\"><span aria-hidden=\"true\" class=\"wp-block-cover__background has-background-dim-0 has-background-dim\"><\/span><img loading=\"lazy\" decoding=\"async\" width=\"960\" height=\"248\" class=\"wp-block-cover__image-background wp-image-248\" alt=\"\" src=\"https:\/\/casacalda.md\/wp-content\/uploads\/2023\/11\/sparkle.png\" data-object-fit=\"cover\" srcset=\"https:\/\/casacalda.md\/wp-content\/uploads\/2023\/11\/sparkle.png 960w, https:\/\/casacalda.md\/wp-content\/uploads\/2023\/11\/sparkle-600x155.png 600w, https:\/\/casacalda.md\/wp-content\/uploads\/2023\/11\/sparkle-300x78.png 300w, https:\/\/casacalda.md\/wp-content\/uploads\/2023\/11\/sparkle-768x198.png 768w\" sizes=\"auto, (max-width: 960px) 100vw, 960px\" \/><div class=\"wp-block-cover__inner-container is-layout-flow wp-block-cover-is-layout-flow\">\n<p class=\"has-text-align-center has-large-font-size has-white-color has-text-color\">Bine ai venit.<\/p>\n\n\n\n<p class=\"has-text-align-center has-text-color has-white-color\">_____________________________________<\/p>\n\n\n\n<div class=\"wp-block-buttons is-content-justification-center is-layout-flex wp-container-core-buttons-is-layout-a89b3969 wp-block-buttons-is-layout-flex\">\n<div class=\"wp-block-button\"><a class=\"wp-block-button__link wp-element-button\" href=\"https:\/\/casacalda.md\/?page_id=40\">S\u0103 mergem la cump\u0103r\u0103turi!<\/a><\/div>\n<\/div>\n<\/div><\/div>\n\n\n\n<p class=\"has-medium-font-size\"><\/p>\n\n\n\n<h2 class=\"wp-block-heading has-text-align-center\">Produse noi<\/h2>\n\n\n<div data-block-name=\"woocommerce\/product-new\" class=\"wc-block-grid wp-block-product-new wp-block-woocommerce-product-new wc-block-product-new has-3-columns has-multiple-rows\"><ul class=\"wc-block-grid__products\"><li class=\"wc-block-grid__product\">\n\t\t\t\t<a href=\"https:\/\/casacalda.md\/?product=colector-polimer-cu-debitmetre-rehau-hkv-s-16-cu-10-circuite\" class=\"wc-block-grid__product-link\">\n\t\t\t\t\t\n\t\t\t\t\t<div class=\"wc-block-grid__product-image\"><img loading=\"lazy\" decoding=\"async\" width=\"300\" height=\"225\" src=\"https:\/\/casacalda.md\/wp-content\/uploads\/2026\/02\/distribuitor-rehau-rautherm-speed-hkv-d-polimer-3-300x225.jpeg\" class=\"attachment-woocommerce_thumbnail size-woocommerce_thumbnail\" alt=\"COLECTOR POLIMER CU DEBITMETRE REHAU HKV S 16 CU 10 CIRCUITE\" \/><\/div>\n\t\t\t\t\t<div class=\"wc-block-grid__product-title\">COLECTOR POLIMER CU DEBITMETRE REHAU HKV S 16 CU 10 CIRCUITE<\/div>\n\t\t\t\t<\/a>\n\t\t\t\t<div class=\"wc-block-grid__product-price price\"><span class=\"woocommerce-Price-amount amount\">12.900,00&nbsp;<span class=\"woocommerce-Price-currencySymbol\">MDL<\/span><\/span><\/div>\n\t\t\t\t\n\t\t\t\t<div class=\"wp-block-button wc-block-grid__product-add-to-cart\"><a href=\"\/index.php?rest_route=%2Fwp%2Fv2%2Fpages%2F67&#038;add-to-cart=595\" aria-label=\"Adaug\u0103 \u00een co\u0219: &amp;lbquo;COLECTOR POLIMER CU DEBITMETRE REHAU HKV S 16 CU 10 CIRCUITE&rdquo;\" data-quantity=\"1\" data-product_id=\"595\" data-product_sku=\"\" data-price=\"12900\" rel=\"nofollow\" class=\"wp-block-button__link  add_to_cart_button ajax_add_to_cart\">Adaug\u0103 \u00een co\u0219<\/a><\/div>\n\t\t\t<\/li><li class=\"wc-block-grid__product\">\n\t\t\t\t<a href=\"https:\/\/casacalda.md\/?product=colector-polimer-cu-debitmetre-rehau-hkv-s-17-cu-10-circuite\" class=\"wc-block-grid__product-link\">\n\t\t\t\t\t\n\t\t\t\t\t<div class=\"wc-block-grid__product-image\"><img loading=\"lazy\" decoding=\"async\" width=\"300\" height=\"225\" src=\"https:\/\/casacalda.md\/wp-content\/uploads\/2026\/02\/distribuitor-rehau-rautherm-speed-hkv-d-polimer-300x225.jpg\" class=\"attachment-woocommerce_thumbnail size-woocommerce_thumbnail\" alt=\"COLECTOR POLIMER CU DEBITMETRE REHAU HKV S 17 CU 10 CIRCUITE\" \/><\/div>\n\t\t\t\t\t<div class=\"wc-block-grid__product-title\">COLECTOR POLIMER CU DEBITMETRE REHAU HKV S 17 CU 10 CIRCUITE<\/div>\n\t\t\t\t<\/a>\n\t\t\t\t<div class=\"wc-block-grid__product-price price\"><span class=\"woocommerce-Price-amount amount\">13.400,00&nbsp;<span class=\"woocommerce-Price-currencySymbol\">MDL<\/span><\/span><\/div>\n\t\t\t\t\n\t\t\t\t<div class=\"wp-block-button wc-block-grid__product-add-to-cart\"><a href=\"\/index.php?rest_route=%2Fwp%2Fv2%2Fpages%2F67&#038;add-to-cart=592\" aria-label=\"Adaug\u0103 \u00een co\u0219: &amp;lbquo;COLECTOR POLIMER CU DEBITMETRE REHAU HKV S 17 CU 10 CIRCUITE&rdquo;\" data-quantity=\"1\" data-product_id=\"592\" data-product_sku=\"\" data-price=\"13400\" rel=\"nofollow\" class=\"wp-block-button__link  add_to_cart_button ajax_add_to_cart\">Adaug\u0103 \u00een co\u0219<\/a><\/div>\n\t\t\t<\/li><li class=\"wc-block-grid__product\">\n\t\t\t\t<a href=\"https:\/\/casacalda.md\/?product=teava-pe-xa-rehau-rautitan-flex-32x44-50-m\" class=\"wc-block-grid__product-link\">\n\t\t\t\t\t\n\t\t\t\t\t<div class=\"wc-block-grid__product-image\"><img loading=\"lazy\" decoding=\"async\" width=\"300\" height=\"225\" src=\"https:\/\/casacalda.md\/wp-content\/uploads\/2026\/02\/teava-pe-xa-rehau-rautitan-flex-300x225.jpg\" class=\"attachment-woocommerce_thumbnail size-woocommerce_thumbnail\" alt=\"Teava PE-Xa REHAU Rautitan Flex 32x4,4 (50 m.)\" \/><\/div>\n\t\t\t\t\t<div class=\"wc-block-grid__product-title\">Teava PE-Xa REHAU Rautitan Flex 32&#215;4,4 (50 m.)<\/div>\n\t\t\t\t<\/a>\n\t\t\t\t<div class=\"wc-block-grid__product-price price\"><span class=\"woocommerce-Price-amount amount\">200,00&nbsp;<span class=\"woocommerce-Price-currencySymbol\">MDL<\/span><\/span><\/div>\n\t\t\t\t\n\t\t\t\t<div class=\"wp-block-button wc-block-grid__product-add-to-cart\"><a href=\"\/index.php?rest_route=%2Fwp%2Fv2%2Fpages%2F67&#038;add-to-cart=591\" aria-label=\"Adaug\u0103 \u00een co\u0219: &amp;lbquo;Teava PE-Xa REHAU Rautitan Flex 32x4,4 (50 m.)&rdquo;\" data-quantity=\"1\" data-product_id=\"591\" data-product_sku=\"\" data-price=\"200\" rel=\"nofollow\" class=\"wp-block-button__link  add_to_cart_button ajax_add_to_cart\">Adaug\u0103 \u00een co\u0219<\/a><\/div>\n\t\t\t<\/li><li class=\"wc-block-grid__product\">\n\t\t\t\t<a href=\"https:\/\/casacalda.md\/?product=teava-pe-xa-rehau-rautitan-flex-25x35-50-m\" class=\"wc-block-grid__product-link\">\n\t\t\t\t\t\n\t\t\t\t\t<div class=\"wc-block-grid__product-image\"><img loading=\"lazy\" decoding=\"async\" width=\"300\" height=\"225\" src=\"https:\/\/casacalda.md\/wp-content\/uploads\/2026\/02\/teava-pe-xa-rehau-rautitan-flex-300x225.jpg\" class=\"attachment-woocommerce_thumbnail size-woocommerce_thumbnail\" alt=\"Teava PE-Xa REHAU Rautitan Flex 25x3,5 (50 m.)\" \/><\/div>\n\t\t\t\t\t<div class=\"wc-block-grid__product-title\">Teava PE-Xa REHAU Rautitan Flex 25&#215;3,5 (50 m.)<\/div>\n\t\t\t\t<\/a>\n\t\t\t\t<div class=\"wc-block-grid__product-price price\"><span class=\"woocommerce-Price-amount amount\">141,00&nbsp;<span class=\"woocommerce-Price-currencySymbol\">MDL<\/span><\/span><\/div>\n\t\t\t\t\n\t\t\t\t<div class=\"wp-block-button wc-block-grid__product-add-to-cart\"><a href=\"\/index.php?rest_route=%2Fwp%2Fv2%2Fpages%2F67&#038;add-to-cart=590\" aria-label=\"Adaug\u0103 \u00een co\u0219: &amp;lbquo;Teava PE-Xa REHAU Rautitan Flex 25x3,5 (50 m.)&rdquo;\" data-quantity=\"1\" data-product_id=\"590\" data-product_sku=\"\" data-price=\"141\" rel=\"nofollow\" class=\"wp-block-button__link  add_to_cart_button ajax_add_to_cart\">Adaug\u0103 \u00een co\u0219<\/a><\/div>\n\t\t\t<\/li><li class=\"wc-block-grid__product\">\n\t\t\t\t<a href=\"https:\/\/casacalda.md\/?product=teava-pe-xa-rehau-rautitan-flex-20x28-100-m\" class=\"wc-block-grid__product-link\">\n\t\t\t\t\t\n\t\t\t\t\t<div class=\"wc-block-grid__product-image\"><img loading=\"lazy\" decoding=\"async\" width=\"300\" height=\"225\" src=\"https:\/\/casacalda.md\/wp-content\/uploads\/2026\/02\/teava-pe-xa-rehau-rautitan-flex-300x225.jpg\" class=\"attachment-woocommerce_thumbnail size-woocommerce_thumbnail\" alt=\"Teava PE-Xa REHAU Rautitan Flex 20x2,8 (100 m.)\" \/><\/div>\n\t\t\t\t\t<div class=\"wc-block-grid__product-title\">Teava PE-Xa REHAU Rautitan Flex 20&#215;2,8 (100 m.)<\/div>\n\t\t\t\t<\/a>\n\t\t\t\t<div class=\"wc-block-grid__product-price price\"><span class=\"woocommerce-Price-amount amount\">84,00&nbsp;<span class=\"woocommerce-Price-currencySymbol\">MDL<\/span><\/span><\/div>\n\t\t\t\t\n\t\t\t\t<div class=\"wp-block-button wc-block-grid__product-add-to-cart\"><a href=\"\/index.php?rest_route=%2Fwp%2Fv2%2Fpages%2F67&#038;add-to-cart=589\" aria-label=\"Adaug\u0103 \u00een co\u0219: &amp;lbquo;Teava PE-Xa REHAU Rautitan Flex 20x2,8 (100 m.)&rdquo;\" data-quantity=\"1\" data-product_id=\"589\" data-product_sku=\"\" data-price=\"84\" rel=\"nofollow\" class=\"wp-block-button__link  add_to_cart_button ajax_add_to_cart\">Adaug\u0103 \u00een co\u0219<\/a><\/div>\n\t\t\t<\/li><li class=\"wc-block-grid__product\">\n\t\t\t\t<a href=\"https:\/\/casacalda.md\/?product=teava-pe-xa-rehau-rautitan-flex-16x22-100-m\" class=\"wc-block-grid__product-link\">\n\t\t\t\t\t\n\t\t\t\t\t<div class=\"wc-block-grid__product-image\"><img loading=\"lazy\" decoding=\"async\" width=\"300\" height=\"225\" src=\"https:\/\/casacalda.md\/wp-content\/uploads\/2026\/02\/teava-pe-xa-rehau-rautitan-flex-300x225.jpg\" class=\"attachment-woocommerce_thumbnail size-woocommerce_thumbnail\" alt=\"Teava PE-Xa REHAU Rautitan Flex 16x2,2 (100 m.)\" \/><\/div>\n\t\t\t\t\t<div class=\"wc-block-grid__product-title\">Teava PE-Xa REHAU Rautitan Flex 16&#215;2,2 (100 m.)<\/div>\n\t\t\t\t<\/a>\n\t\t\t\t<div class=\"wc-block-grid__product-price price\"><span class=\"woocommerce-Price-amount amount\">62,00&nbsp;<span class=\"woocommerce-Price-currencySymbol\">MDL<\/span><\/span><\/div>\n\t\t\t\t\n\t\t\t\t<div class=\"wp-block-button wc-block-grid__product-add-to-cart\"><a href=\"\/index.php?rest_route=%2Fwp%2Fv2%2Fpages%2F67&#038;add-to-cart=587\" aria-label=\"Adaug\u0103 \u00een co\u0219: &amp;lbquo;Teava PE-Xa REHAU Rautitan Flex 16x2,2 (100 m.)&rdquo;\" data-quantity=\"1\" data-product_id=\"587\" data-product_sku=\"\" data-price=\"62\" rel=\"nofollow\" class=\"wp-block-button__link  add_to_cart_button ajax_add_to_cart\">Adaug\u0103 \u00een co\u0219<\/a><\/div>\n\t\t\t<\/li><li class=\"wc-block-grid__product\">\n\t\t\t\t<a href=\"https:\/\/casacalda.md\/?product=placa-cu-nuturi-rehau-varionova-40-1400x800x20mm-112-m2\" class=\"wc-block-grid__product-link\">\n\t\t\t\t\t\n\t\t\t\t\t<div class=\"wc-block-grid__product-image\"><img loading=\"lazy\" decoding=\"async\" width=\"300\" height=\"225\" src=\"https:\/\/casacalda.md\/wp-content\/uploads\/2026\/02\/placa-cu-nuturi-rehau-varionova-40-1400x800x20mm-112-mtr2_big-300x225.jpeg\" class=\"attachment-woocommerce_thumbnail size-woocommerce_thumbnail\" alt=\"Placa cu nuturi REHAU Varionova 40 1400x800x20mm (1,12 m2)\" \/><\/div>\n\t\t\t\t\t<div class=\"wc-block-grid__product-title\">Placa cu nuturi REHAU Varionova 40 1400x800x20mm (1,12 m2)<\/div>\n\t\t\t\t<\/a>\n\t\t\t\t<div class=\"wc-block-grid__product-price price\"><span class=\"woocommerce-Price-amount amount\">280,00&nbsp;<span class=\"woocommerce-Price-currencySymbol\">MDL<\/span><\/span><\/div>\n\t\t\t\t\n\t\t\t\t<div class=\"wp-block-button wc-block-grid__product-add-to-cart\"><a href=\"\/index.php?rest_route=%2Fwp%2Fv2%2Fpages%2F67&#038;add-to-cart=585\" aria-label=\"Adaug\u0103 \u00een co\u0219: &amp;lbquo;Placa cu nuturi REHAU Varionova 40 1400x800x20mm (1,12 m2)&rdquo;\" data-quantity=\"1\" data-product_id=\"585\" data-product_sku=\"\" data-price=\"280\" rel=\"nofollow\" class=\"wp-block-button__link  add_to_cart_button ajax_add_to_cart\">Adaug\u0103 \u00een co\u0219<\/a><\/div>\n\t\t\t<\/li><li class=\"wc-block-grid__product\">\n\t\t\t\t<a href=\"https:\/\/casacalda.md\/?product=set-de-amestec-podele-calde-rehau-flex-pompa-hkv\" class=\"wc-block-grid__product-link\">\n\t\t\t\t\t\n\t\t\t\t\t<div class=\"wc-block-grid__product-image\"><img loading=\"lazy\" decoding=\"async\" width=\"300\" height=\"225\" src=\"https:\/\/casacalda.md\/wp-content\/uploads\/2026\/02\/set-de-amestec-podele-calde-rehau-flex-pompa-hkv_big-300x225.jpeg\" class=\"attachment-woocommerce_thumbnail size-woocommerce_thumbnail\" alt=\"Set de amestec podele calde REHAU Flex + pompa HKV\" \/><\/div>\n\t\t\t\t\t<div class=\"wc-block-grid__product-title\">Set de amestec podele calde REHAU Flex + pompa HKV<\/div>\n\t\t\t\t<\/a>\n\t\t\t\t<div class=\"wc-block-grid__product-price price\"><span class=\"woocommerce-Price-amount amount\">15.930,00&nbsp;<span class=\"woocommerce-Price-currencySymbol\">MDL<\/span><\/span><\/div>\n\t\t\t\t\n\t\t\t\t<div class=\"wp-block-button wc-block-grid__product-add-to-cart\"><a href=\"\/index.php?rest_route=%2Fwp%2Fv2%2Fpages%2F67&#038;add-to-cart=583\" aria-label=\"Adaug\u0103 \u00een co\u0219: &amp;lbquo;Set de amestec podele calde REHAU Flex + pompa HKV&rdquo;\" data-quantity=\"1\" data-product_id=\"583\" data-product_sku=\"\" data-price=\"15930\" rel=\"nofollow\" class=\"wp-block-button__link  add_to_cart_button ajax_add_to_cart\">Adaug\u0103 \u00een co\u0219<\/a><\/div>\n\t\t\t<\/li><li class=\"wc-block-grid__product\">\n\t\t\t\t<a href=\"https:\/\/casacalda.md\/?product=teava-extra-flex-giacotherm-giacomini-16x2-pentru-incalzire-prin-pardoseala-cu-bariera-de-oxigen-italy\" class=\"wc-block-grid__product-link\">\n\t\t\t\t\t\n\t\t\t\t\t<div class=\"wc-block-grid__product-image\"><img loading=\"lazy\" decoding=\"async\" width=\"225\" height=\"225\" src=\"https:\/\/casacalda.md\/wp-content\/uploads\/2026\/02\/Teava-Giacomini-1.jpg-52-8405.webp\" class=\"attachment-woocommerce_thumbnail size-woocommerce_thumbnail\" alt=\"Teava Extra-Flex Giacotherm Giacomini 16x2 pentru incalzire prin pardoseala cu bariera de oxigen (Italy)\" srcset=\"https:\/\/casacalda.md\/wp-content\/uploads\/2026\/02\/Teava-Giacomini-1.jpg-52-8405.webp 225w, https:\/\/casacalda.md\/wp-content\/uploads\/2026\/02\/Teava-Giacomini-1.jpg-52-8405-150x150.webp 150w, https:\/\/casacalda.md\/wp-content\/uploads\/2026\/02\/Teava-Giacomini-1.jpg-52-8405-100x100.webp 100w\" sizes=\"auto, (max-width: 225px) 100vw, 225px\" \/><\/div>\n\t\t\t\t\t<div class=\"wc-block-grid__product-title\">Teava Extra-Flex Giacotherm Giacomini 16&#215;2 pentru incalzire prin pardoseala cu bariera de oxigen (Italy)<\/div>\n\t\t\t\t<\/a>\n\t\t\t\t<div class=\"wc-block-grid__product-price price\"><span class=\"woocommerce-Price-amount amount\">24,00&nbsp;<span class=\"woocommerce-Price-currencySymbol\">MDL<\/span><\/span><\/div>\n\t\t\t\t\n\t\t\t\t<div class=\"wp-block-button wc-block-grid__product-add-to-cart\"><a href=\"\/index.php?rest_route=%2Fwp%2Fv2%2Fpages%2F67&#038;add-to-cart=580\" aria-label=\"Adaug\u0103 \u00een co\u0219: &amp;lbquo;Teava Extra-Flex Giacotherm Giacomini 16x2 pentru incalzire prin pardoseala cu bariera de oxigen (Italy)&rdquo;\" data-quantity=\"1\" data-product_id=\"580\" data-product_sku=\"\" data-price=\"24\" rel=\"nofollow\" class=\"wp-block-button__link  add_to_cart_button ajax_add_to_cart\">Adaug\u0103 \u00een co\u0219<\/a><\/div>\n\t\t\t<\/li><\/ul><\/div>\n\n\n<p><\/p>\n\n\n\n<h2 class=\"wp-block-heading\"> 068-530-888 (022) 92-57-57<\/h2>\n\n\n\n<p><\/p>\n","protected":false},"excerpt":{"rendered":"<p>Produse noi 068-530-888 (022) 92-57-57<\/p>\n","protected":false},"author":1,"featured_media":0,"parent":0,"menu_order":0,"comment_status":"closed","ping_status":"closed","template":"","meta":{"site-container-style":"default","site-container-layout":"default","site-sidebar-layout":"default","disable-article-header":"default","disable-site-header":"default","disable-site-footer":"default","disable-content-area-spacing":"default","footnotes":""},"class_list":["post-67","page","type-page","status-publish","hentry"],"jetpack_sharing_enabled":true,"_links":{"self":[{"href":"https:\/\/casacalda.md\/index.php?rest_route=\/wp\/v2\/pages\/67","targetHints":{"allow":["GET"]}}],"collection":[{"href":"https:\/\/casacalda.md\/index.php?rest_route=\/wp\/v2\/pages"}],"about":[{"href":"https:\/\/casacalda.md\/index.php?rest_route=\/wp\/v2\/types\/page"}],"author":[{"embeddable":true,"href":"https:\/\/casacalda.md\/index.php?rest_route=\/wp\/v2\/users\/1"}],"replies":[{"embeddable":true,"href":"https:\/\/casacalda.md\/index.php?rest_route=%2Fwp%2Fv2%2Fcomments&post=67"}],"version-history":[{"count":10,"href":"https:\/\/casacalda.md\/index.php?rest_route=\/wp\/v2\/pages\/67\/revisions"}],"predecessor-version":[{"id":428,"href":"https:\/\/casacalda.md\/index.php?rest_route=\/wp\/v2\/pages\/67\/revisions\/428"}],"wp:attachment":[{"href":"https:\/\/casacalda.md\/index.php?rest_route=%2Fwp%2Fv2%2Fmedia&parent=67"}],"curies":[{"name":"wp","href":"https:\/\/api.w.org\/{rel}","templated":true}]}}