{"id":118,"date":"2023-06-17T18:24:46","date_gmt":"2023-06-17T15:24:46","guid":{"rendered":"https:\/\/casacalda.org\/?post_type=product&#038;p=118"},"modified":"2026-02-24T04:18:03","modified_gmt":"2026-02-24T01:18:03","slug":"rezervor-de-stocare-63-l-p-u-pompa-de-caldura","status":"publish","type":"product","link":"https:\/\/casacalda.md\/?product=rezervor-de-stocare-63-l-p-u-pompa-de-caldura","title":{"rendered":"Rezervor puffer SUNSYSTEM PSM 100l  p\/u pompa de caldura"},"content":{"rendered":"<h2>Pentru acumularea c\u0103ldurii, generate de cazan. Este recomandat pentru sistemul de \u00eenc\u0103lzire. Ofer\u0103 o performan\u021b\u0103 optim\u0103 a cazanului, permi\u021b\u00e2ndu-i s\u0103 lucreze la puterea nominal\u0103 chiar \u0219i atunci c\u00e2nd instala\u021bia nu are nevoie de toat\u0103 c\u0103ldura produs\u0103 de cazan. C\u0103ldura se acumuleaz\u0103 \u0219i se p\u0103streaz\u0103 \u00een rezervorul de acumulare \u0219i poate fi utilizat\u0103 chiar \u0219i atunci c\u00e2nd cazanul se r\u0103ce\u0219te. Constructia permite distribuirea caldurii in straturi, printr-un plan de separare integrat si placa de separare la iesiri.<\/h2>\n<h2><\/h2>\n<h2>AVANTAJE:<\/h2>\n<ul>\n<li>Izolatie demontabila optionala, cu grosimea de 100 mm, \u00een culoare RAL 9006<\/li>\n<li>Tipul izolatiei, toate tipurile sunt disponibile: PU moale, fleece.<\/li>\n<li>Tipul izolatiei, disponibila pentru tipurile \u041d*: PU rigid\u0103.<\/li>\n<li>Plac\u0103 de separare \u0219i placa de separare la iesiri.<\/li>\n<li>P\u00e2n\u0103 la 5 racorduri G\u00bd\u201d pentru termo senzori.<\/li>\n<li>Suprafa\u021ba exterioar\u0103 grunduit\u0103.<\/li>\n<li>P\u00e2n\u0103 la 13 racorduri\u00a0 \u00a0G1\u00bd\u201d pentru conectare la cazane, sisteme de \u00eenc\u0103lzire indirect\u0103<br \/>\na apei calde menajere (ACM).<\/li>\n<li>Racordurile Intrare \/ Ie\u0219ire sunt \u00eenclinate la 90 de grade, ceea ce \u00eel face convenabil pentru instalare.<br \/>\nInstalarea este posibil\u0103 \u00een col\u021bul \u00eenc\u0103perii de cazane<\/li>\n<li>Set op\u021bional pentru \u00eenc\u0103lzire electric\u0103 cu o putere nominal\u0103 de\u00a0 \u00a07.5kW.<\/li>\n<\/ul>\n","protected":false},"excerpt":{"rendered":"<p>Pentru acumularea c\u0103ldurii, generate de cazan. Este recomandat pentru sistemul de \u00eenc\u0103lzire. Ofer\u0103 o performan\u021b\u0103 optim\u0103 a cazanului, permi\u021b\u00e2ndu-i s\u0103 lucreze la puterea nominal\u0103 chiar \u0219i atunci c\u00e2nd instala\u021bia nu are nevoie de toat\u0103 c\u0103ldura produs\u0103 de cazan. C\u0103ldura se acumuleaz\u0103 \u0219i se p\u0103streaz\u0103 \u00een rezervorul de acumulare \u0219i poate fi utilizat\u0103 chiar \u0219i atunci [&hellip;]<\/p>\n","protected":false},"featured_media":561,"comment_status":"open","ping_status":"closed","template":"","meta":{"site-container-style":"default","site-container-layout":"default","site-sidebar-layout":"default","disable-article-header":"default","disable-site-header":"default","disable-site-footer":"default","disable-content-area-spacing":"default"},"product_brand":[],"product_cat":[25,19],"product_tag":[],"class_list":{"0":"post-118","1":"product","2":"type-product","3":"status-publish","4":"has-post-thumbnail","6":"product_cat-pompe-de-caldura","7":"product_cat-produse-fara-categorie","9":"first","10":"instock","11":"sale","12":"shipping-taxable","13":"purchasable","14":"product-type-simple"},"jetpack_sharing_enabled":true,"_links":{"self":[{"href":"https:\/\/casacalda.md\/index.php?rest_route=\/wp\/v2\/product\/118","targetHints":{"allow":["GET"]}}],"collection":[{"href":"https:\/\/casacalda.md\/index.php?rest_route=\/wp\/v2\/product"}],"about":[{"href":"https:\/\/casacalda.md\/index.php?rest_route=\/wp\/v2\/types\/product"}],"replies":[{"embeddable":true,"href":"https:\/\/casacalda.md\/index.php?rest_route=%2Fwp%2Fv2%2Fcomments&post=118"}],"wp:featuredmedia":[{"embeddable":true,"href":"https:\/\/casacalda.md\/index.php?rest_route=\/wp\/v2\/media\/561"}],"wp:attachment":[{"href":"https:\/\/casacalda.md\/index.php?rest_route=%2Fwp%2Fv2%2Fmedia&parent=118"}],"wp:term":[{"taxonomy":"product_brand","embeddable":true,"href":"https:\/\/casacalda.md\/index.php?rest_route=%2Fwp%2Fv2%2Fproduct_brand&post=118"},{"taxonomy":"product_cat","embeddable":true,"href":"https:\/\/casacalda.md\/index.php?rest_route=%2Fwp%2Fv2%2Fproduct_cat&post=118"},{"taxonomy":"product_tag","embeddable":true,"href":"https:\/\/casacalda.md\/index.php?rest_route=%2Fwp%2Fv2%2Fproduct_tag&post=118"}],"curies":[{"name":"wp","href":"https:\/\/api.w.org\/{rel}","templated":true}]}}