{"id":177,"date":"2023-06-17T22:51:00","date_gmt":"2023-06-17T19:51:00","guid":{"rendered":"https:\/\/casacalda.org\/?post_type=product&#038;p=177"},"modified":"2023-06-17T22:51:00","modified_gmt":"2023-06-17T19:51:00","slug":"pompa-biral-primax-25-8-130-mm","status":"publish","type":"product","link":"https:\/\/casacalda.md\/?product=pompa-biral-primax-25-8-130-mm","title":{"rendered":"Pompa Biral PrimAX 25-8 130 mm"},"content":{"rendered":"<h4>Temperatura de lucru:<\/h4>\n<p>+2\u00b0C\u2026+110\u00b0C (PrimAX), +15\u00b0C\u2026+110\u00b0C (AX, ModulA RED),<br \/>\n+15\u00b0C\u2026+95\u00b0C (seria A: pe termen scurt 110\u00b0C)<\/p>\n<h3><strong>Biral PrimAX<\/strong><\/h3>\n<p>Tura\u021bie variabil\u0103 controlat\u0103 cu un motor 1 ~ cu magnet permanent<br \/>\n\u2022 Trei moduri diferite de reglare: presiune diferen\u0163ial\u0103 propor\u0163ional\u0103, presiune diferen\u0163ial\u0103<br \/>\nconstant\u0103 \u015fi tura\u0163ie constant\u0103<br \/>\n\u2022 Conectorul Biral asigur\u0103 o conexiune electric\u0103 rapid\u0103 \u015fi simpl\u0103 (seria PrimAX)<br \/>\n\u2022 Func\u021bie de reducere automat\u0103 a consumului pe timp de noapte (seriile AX \u015fi A)<\/p>\n<h3><strong>Biral PrimAX se aplica:<\/strong><\/h3>\n<p>Locuin\u021be familiale, blocuri de apartamente, cl\u0103diri comercial- administrative, hale<br \/>\nindustriale, de depozitare sau produc\u021bie<br \/>\n\u2022 Cochilii termoizolante: dotare de serie pentru pompele cu un rotor pentru\u00a0aplica\u021biile de \u00eenc\u0103lzire.<\/p>\n<p>Posibilit\u0103\u021bi de semnalizare la distan\u021b\u0103 a func\u021bion\u0103rii\/avariei prin contacte comutabile (libere de poten\u0163ial \u2013 seriile A \u015fi ModulA) \u0219i prin intermediul modulelor electronice diponibile ca accesorii:\u00a0posibilit\u0103\u021bi de comand\u0103 de la distan\u021b\u0103 prin semnale\u00a0analogice 0-10V, 0-20mA, PWM heating profile (seriile A \u015fi ModulA) \u015fi module de interfa\u021b\u0103 de comunicare MODBUS RTU sau BACNET (seria ModulA).<\/p>\n<p>Control wireless: prin achizi\u0163ionarea telecomenzii Biral (Biral Remote Adaptor) se poate realiza comunicarea wireless \u00eentre pompele ModulA \u015fi un<br \/>\ntelefon de tip smartphone cu aplica\u0163ia Biral Remote APP instalat\u0103 (desc\u0103rcare gratuit\u0103 de pe iTunes\/app Store \u015fi PlayStore): permite realizarea de<br \/>\nset\u0103ri avansate de control, vizualizarea parametrilor func\u0163ionali \u015fi citirea mesajelor de avarie.<\/p>\n","protected":false},"excerpt":{"rendered":"<p>Temperatura de lucru: +2\u00b0C\u2026+110\u00b0C (PrimAX), +15\u00b0C\u2026+110\u00b0C (AX, ModulA RED), +15\u00b0C\u2026+95\u00b0C (seria A: pe termen scurt 110\u00b0C) Biral PrimAX Tura\u021bie variabil\u0103 controlat\u0103 cu un motor 1 ~ cu magnet permanent \u2022 Trei moduri diferite de reglare: presiune diferen\u0163ial\u0103 propor\u0163ional\u0103, presiune diferen\u0163ial\u0103 constant\u0103 \u015fi tura\u0163ie constant\u0103 \u2022 Conectorul Biral asigur\u0103 o conexiune electric\u0103 rapid\u0103 \u015fi simpl\u0103 (seria [&hellip;]<\/p>\n","protected":false},"featured_media":178,"comment_status":"open","ping_status":"closed","template":"","meta":{"site-container-style":"default","site-container-layout":"default","site-sidebar-layout":"default","disable-article-header":"default","disable-site-header":"default","disable-site-footer":"default","disable-content-area-spacing":"default"},"product_brand":[],"product_cat":[27],"product_tag":[],"class_list":{"0":"post-177","1":"product","2":"type-product","3":"status-publish","4":"has-post-thumbnail","6":"product_cat-accesorii-sisteme-de-incalzire","8":"first","9":"instock","10":"shipping-taxable","11":"purchasable","12":"product-type-simple"},"jetpack_sharing_enabled":true,"_links":{"self":[{"href":"https:\/\/casacalda.md\/index.php?rest_route=\/wp\/v2\/product\/177","targetHints":{"allow":["GET"]}}],"collection":[{"href":"https:\/\/casacalda.md\/index.php?rest_route=\/wp\/v2\/product"}],"about":[{"href":"https:\/\/casacalda.md\/index.php?rest_route=\/wp\/v2\/types\/product"}],"replies":[{"embeddable":true,"href":"https:\/\/casacalda.md\/index.php?rest_route=%2Fwp%2Fv2%2Fcomments&post=177"}],"wp:featuredmedia":[{"embeddable":true,"href":"https:\/\/casacalda.md\/index.php?rest_route=\/wp\/v2\/media\/178"}],"wp:attachment":[{"href":"https:\/\/casacalda.md\/index.php?rest_route=%2Fwp%2Fv2%2Fmedia&parent=177"}],"wp:term":[{"taxonomy":"product_brand","embeddable":true,"href":"https:\/\/casacalda.md\/index.php?rest_route=%2Fwp%2Fv2%2Fproduct_brand&post=177"},{"taxonomy":"product_cat","embeddable":true,"href":"https:\/\/casacalda.md\/index.php?rest_route=%2Fwp%2Fv2%2Fproduct_cat&post=177"},{"taxonomy":"product_tag","embeddable":true,"href":"https:\/\/casacalda.md\/index.php?rest_route=%2Fwp%2Fv2%2Fproduct_tag&post=177"}],"curies":[{"name":"wp","href":"https:\/\/api.w.org\/{rel}","templated":true}]}}