{"id":186,"date":"2023-06-17T23:33:53","date_gmt":"2023-06-17T20:33:53","guid":{"rendered":"https:\/\/casacalda.org\/?post_type=product&#038;p=186"},"modified":"2026-01-12T17:53:09","modified_gmt":"2026-01-12T14:53:09","slug":"separator-magnetic-de-namol-caleffi-1","status":"publish","type":"product","link":"https:\/\/casacalda.md\/?product=separator-magnetic-de-namol-caleffi-1","title":{"rendered":"Separator magnetic de namol Caleffi 1\u201d"},"content":{"rendered":"<ul class=\"d-sm-flex flex-sm-wrap features mobile_tab__content\">\n<li class=\"f_col-md-6 features__item\">\n<div class=\"d-flex justify-content-start features__wrap\">\n<div class=\"features__name\">\u041f\u0440\u043e\u0438\u0437\u0432\u043e\u0434\u0438\u0442\u0435\u043b\u044c:<\/div>\n<div class=\"features__value\">Caleffi<\/div>\n<\/div>\n<\/li>\n<li class=\"f_col-md-6 features__item\">\n<div class=\"d-flex justify-content-start features__wrap\">\n<div class=\"features__name\">\u0412\u0435\u0441:<\/div>\n<div class=\"features__value\">1,5 kg<\/div>\n<\/div>\n<\/li>\n<li class=\"f_col-md-6 features__item\">\n<div class=\"d-flex justify-content-start features__wrap\">\n<div class=\"features__name\">Temperatura maxim\u0103 de lucru:<\/div>\n<div class=\"features__value\">90\u00b0C<\/div>\n<\/div>\n<\/li>\n<li class=\"f_col-md-6 features__item\">\n<div class=\"d-flex justify-content-start features__wrap\">\n<div class=\"features__name\">Presiunea maxim\u0103 de lucru:<\/div>\n<div class=\"features__value\">3 BAR<\/div>\n<\/div>\n<\/li>\n<li class=\"f_col-md-6 features__item\">\n<div class=\"d-flex justify-content-start features__wrap\">\n<div class=\"features__name\">Lungime (mm):<\/div>\n<div class=\"features__value\">130<\/div>\n<\/div>\n<\/li>\n<li class=\"f_col-md-6 features__item\">\n<div class=\"d-flex justify-content-start features__wrap\">\n<div class=\"features__name\">\u00cen\u0103l\u021bime (mm):<\/div>\n<div class=\"features__value\">238<\/div>\n<\/div>\n<\/li>\n<li class=\"f_col-md-6 features__item\">\n<div class=\"d-flex justify-content-start features__wrap\">\n<div class=\"features__name\">Racord:<\/div>\n<div class=\"features__value\">1\u201d<\/div>\n<\/div>\n<\/li>\n<li class=\"f_col-md-6 features__item\">\n<div class=\"d-flex justify-content-start features__wrap\">\n<div class=\"features__name\">Coeficient de debit:<\/div>\n<div class=\"features__value\">10,5 m3\/h<\/div>\n<\/div>\n<\/li>\n<\/ul>\n","protected":false},"excerpt":{"rendered":"<p>\u041f\u0440\u043e\u0438\u0437\u0432\u043e\u0434\u0438\u0442\u0435\u043b\u044c: Caleffi \u0412\u0435\u0441: 1,5 kg Temperatura maxim\u0103 de lucru: 90\u00b0C Presiunea maxim\u0103 de lucru: 3 BAR Lungime (mm): 130 \u00cen\u0103l\u021bime (mm): 238 Racord: 1\u201d Coeficient de debit: 10,5 m3\/h<\/p>\n","protected":false},"featured_media":121,"comment_status":"open","ping_status":"closed","template":"","meta":{"site-container-style":"default","site-container-layout":"default","site-sidebar-layout":"default","disable-article-header":"default","disable-site-header":"default","disable-site-footer":"default","disable-content-area-spacing":"default"},"product_brand":[],"product_cat":[27],"product_tag":[55,77,69],"class_list":{"0":"post-186","1":"product","2":"type-product","3":"status-publish","4":"has-post-thumbnail","6":"product_cat-accesorii-sisteme-de-incalzire","7":"product_tag-caleffi-1","8":"product_tag-pompe-de-caldura","9":"product_tag-separator-magnetic","11":"first","12":"instock","13":"sale","14":"shipping-taxable","15":"purchasable","16":"product-type-simple"},"jetpack_sharing_enabled":true,"_links":{"self":[{"href":"https:\/\/casacalda.md\/index.php?rest_route=\/wp\/v2\/product\/186","targetHints":{"allow":["GET"]}}],"collection":[{"href":"https:\/\/casacalda.md\/index.php?rest_route=\/wp\/v2\/product"}],"about":[{"href":"https:\/\/casacalda.md\/index.php?rest_route=\/wp\/v2\/types\/product"}],"replies":[{"embeddable":true,"href":"https:\/\/casacalda.md\/index.php?rest_route=%2Fwp%2Fv2%2Fcomments&post=186"}],"wp:featuredmedia":[{"embeddable":true,"href":"https:\/\/casacalda.md\/index.php?rest_route=\/wp\/v2\/media\/121"}],"wp:attachment":[{"href":"https:\/\/casacalda.md\/index.php?rest_route=%2Fwp%2Fv2%2Fmedia&parent=186"}],"wp:term":[{"taxonomy":"product_brand","embeddable":true,"href":"https:\/\/casacalda.md\/index.php?rest_route=%2Fwp%2Fv2%2Fproduct_brand&post=186"},{"taxonomy":"product_cat","embeddable":true,"href":"https:\/\/casacalda.md\/index.php?rest_route=%2Fwp%2Fv2%2Fproduct_cat&post=186"},{"taxonomy":"product_tag","embeddable":true,"href":"https:\/\/casacalda.md\/index.php?rest_route=%2Fwp%2Fv2%2Fproduct_tag&post=186"}],"curies":[{"name":"wp","href":"https:\/\/api.w.org\/{rel}","templated":true}]}}