{"id":206,"date":"2023-06-21T22:07:44","date_gmt":"2023-06-21T19:07:44","guid":{"rendered":"https:\/\/casacalda.org\/?post_type=product&#038;p=206"},"modified":"2026-02-24T06:56:52","modified_gmt":"2026-02-24T03:56:52","slug":"termostat-comandat-prin-internet-vaillant-vsmart","status":"publish","type":"product","link":"https:\/\/casacalda.md\/?product=termostat-comandat-prin-internet-vaillant-vsmart","title":{"rendered":"TERMOSTAT COMANDAT PRIN INTERNET VAILLANT vSMART"},"content":{"rendered":"<p>Controleaz\u0103 sistemul de \u00eenc\u0103lzire \u00een timp real, din canapeaua ta confortabil\u0103 sau de la distan\u021b\u0103, prin smartphone sau tablet\u0103<\/p>\n<p>Ajusteaz\u0103 temperatura conform stilului t\u0103u de via\u021b\u0103 sau modific-o pentru o scurt\u0103 perioad\u0103 de timp<\/p>\n<p>Urm\u0103re\u0219te consumul de energie \u0219i redu costurile \u00een mod inteligent<\/p>\n<p>Noul contract de servicii eRELAX, ca s\u0103 prime\u0219ti asisten\u021b\u0103 rapid\u0103 \u0219i mai multe servicii oferite de Vaillant<\/p>\n","protected":false},"excerpt":{"rendered":"<p>Controleaz\u0103 sistemul de \u00eenc\u0103lzire \u00een timp real, din canapeaua ta confortabil\u0103 sau de la distan\u021b\u0103, prin smartphone sau tablet\u0103 Ajusteaz\u0103 temperatura conform stilului t\u0103u de via\u021b\u0103 sau modific-o pentru o scurt\u0103 perioad\u0103 de timp Urm\u0103re\u0219te consumul de energie \u0219i redu costurile \u00een mod inteligent Noul contract de servicii eRELAX, ca s\u0103 prime\u0219ti asisten\u021b\u0103 rapid\u0103 \u0219i [&hellip;]<\/p>\n","protected":false},"featured_media":207,"comment_status":"open","ping_status":"closed","template":"","meta":{"site-container-style":"default","site-container-layout":"default","site-sidebar-layout":"default","disable-article-header":"default","disable-site-header":"default","disable-site-footer":"default","disable-content-area-spacing":"default"},"product_brand":[132],"product_cat":[20],"product_tag":[39],"class_list":{"0":"post-206","1":"product","2":"type-product","3":"status-publish","4":"has-post-thumbnail","6":"product_brand-vaillant","7":"product_cat-cazane","8":"product_tag-termostat-comandat-prin-internet-vaillant-vsmart","10":"first","11":"instock","12":"shipping-taxable","13":"purchasable","14":"product-type-simple"},"jetpack_sharing_enabled":true,"_links":{"self":[{"href":"https:\/\/casacalda.md\/index.php?rest_route=\/wp\/v2\/product\/206","targetHints":{"allow":["GET"]}}],"collection":[{"href":"https:\/\/casacalda.md\/index.php?rest_route=\/wp\/v2\/product"}],"about":[{"href":"https:\/\/casacalda.md\/index.php?rest_route=\/wp\/v2\/types\/product"}],"replies":[{"embeddable":true,"href":"https:\/\/casacalda.md\/index.php?rest_route=%2Fwp%2Fv2%2Fcomments&post=206"}],"wp:featuredmedia":[{"embeddable":true,"href":"https:\/\/casacalda.md\/index.php?rest_route=\/wp\/v2\/media\/207"}],"wp:attachment":[{"href":"https:\/\/casacalda.md\/index.php?rest_route=%2Fwp%2Fv2%2Fmedia&parent=206"}],"wp:term":[{"taxonomy":"product_brand","embeddable":true,"href":"https:\/\/casacalda.md\/index.php?rest_route=%2Fwp%2Fv2%2Fproduct_brand&post=206"},{"taxonomy":"product_cat","embeddable":true,"href":"https:\/\/casacalda.md\/index.php?rest_route=%2Fwp%2Fv2%2Fproduct_cat&post=206"},{"taxonomy":"product_tag","embeddable":true,"href":"https:\/\/casacalda.md\/index.php?rest_route=%2Fwp%2Fv2%2Fproduct_tag&post=206"}],"curies":[{"name":"wp","href":"https:\/\/api.w.org\/{rel}","templated":true}]}}