{"id":221,"date":"2023-06-22T07:15:43","date_gmt":"2023-06-22T04:15:43","guid":{"rendered":"https:\/\/casacalda.org\/?post_type=product&#038;p=221"},"modified":"2023-11-10T16:26:10","modified_gmt":"2023-11-10T13:26:10","slug":"pompa-de-recirculare-wilo-yonos-pico-25-1-6","status":"publish","type":"product","link":"https:\/\/casacalda.md\/?product=pompa-de-recirculare-wilo-yonos-pico-25-1-6","title":{"rendered":"Pomp\u0103 de recirculare Wilo Yonos PICO 25\/1-6"},"content":{"rendered":"<p>Pompa de circula\u021bie Wilo Yonos PICO 25\/1-6 este destinat\u0103 pentru toate tipurile de instala\u021bii de \u00eenc\u0103lzire cu ap\u0103 cald\u0103, instala\u021bii de aer condi\u021bionat \u0219i instala\u021bii industriale de recirculare. Pompa are o eficien\u021b\u0103 \u00eenalt\u0103, special conceput\u0103 pentru case cu p\u00e2n\u0103 la \u0219ase familii.<\/p>\n<p><strong>Caracteristici:<\/strong><\/p>\n<p>\u2713\u00a0Tip pomp\u0103: de recirculare<\/p>\n<p>\u2713\u00a0Material: font\u0103<\/p>\n<p>\u2713\u00a0Tip combustibil: electricitate<\/p>\n<p>\u2713\u00a0Tip curent: monofazat<\/p>\n<p>\u2713\u00a0Putere: 40 W<\/p>\n<p>\u2713\u00a0Tensiune alimentare: 230 V<\/p>\n<p>\u2713\u00a0Clasa de protectie: IP X2D<\/p>\n<p>\u2713\u00a0Temperatura maxim\u0103: 95 C<\/p>\n<p>\u2713\u00a0Debit maxim: 3.7 m\u00b3\/h<\/p>\n<p>\u2713\u00a0Lungime: 180 mm<\/p>\n<p>\u2713\u00a0Produc\u0103tor Wilo<\/p>\n<p>\u2713\u00a0\u021aara de producere: Germania<\/p>\n","protected":false},"excerpt":{"rendered":"<p>Pompa de circula\u021bie Wilo Yonos PICO 25\/1-6 este destinat\u0103 pentru toate tipurile de instala\u021bii de \u00eenc\u0103lzire cu ap\u0103 cald\u0103, instala\u021bii de aer condi\u021bionat \u0219i instala\u021bii industriale de recirculare. Pompa are o eficien\u021b\u0103 \u00eenalt\u0103, special conceput\u0103 pentru case cu p\u00e2n\u0103 la \u0219ase familii. Caracteristici: \u2713\u00a0Tip pomp\u0103: de recirculare \u2713\u00a0Material: font\u0103 \u2713\u00a0Tip combustibil: electricitate \u2713\u00a0Tip curent: monofazat [&hellip;]<\/p>\n","protected":false},"featured_media":135,"comment_status":"open","ping_status":"closed","template":"","meta":{"site-container-style":"default","site-container-layout":"default","site-sidebar-layout":"default","disable-article-header":"default","disable-site-header":"default","disable-site-footer":"default","disable-content-area-spacing":"default"},"product_brand":[],"product_cat":[27],"product_tag":[37,36],"class_list":{"0":"post-221","1":"product","2":"type-product","3":"status-publish","4":"has-post-thumbnail","6":"product_cat-accesorii-sisteme-de-incalzire","7":"product_tag-pompa","8":"product_tag-willo","10":"first","11":"instock","12":"sale","13":"shipping-taxable","14":"purchasable","15":"product-type-simple"},"jetpack_sharing_enabled":true,"_links":{"self":[{"href":"https:\/\/casacalda.md\/index.php?rest_route=\/wp\/v2\/product\/221","targetHints":{"allow":["GET"]}}],"collection":[{"href":"https:\/\/casacalda.md\/index.php?rest_route=\/wp\/v2\/product"}],"about":[{"href":"https:\/\/casacalda.md\/index.php?rest_route=\/wp\/v2\/types\/product"}],"replies":[{"embeddable":true,"href":"https:\/\/casacalda.md\/index.php?rest_route=%2Fwp%2Fv2%2Fcomments&post=221"}],"wp:featuredmedia":[{"embeddable":true,"href":"https:\/\/casacalda.md\/index.php?rest_route=\/wp\/v2\/media\/135"}],"wp:attachment":[{"href":"https:\/\/casacalda.md\/index.php?rest_route=%2Fwp%2Fv2%2Fmedia&parent=221"}],"wp:term":[{"taxonomy":"product_brand","embeddable":true,"href":"https:\/\/casacalda.md\/index.php?rest_route=%2Fwp%2Fv2%2Fproduct_brand&post=221"},{"taxonomy":"product_cat","embeddable":true,"href":"https:\/\/casacalda.md\/index.php?rest_route=%2Fwp%2Fv2%2Fproduct_cat&post=221"},{"taxonomy":"product_tag","embeddable":true,"href":"https:\/\/casacalda.md\/index.php?rest_route=%2Fwp%2Fv2%2Fproduct_tag&post=221"}],"curies":[{"name":"wp","href":"https:\/\/api.w.org\/{rel}","templated":true}]}}