{"id":336,"date":"2024-01-20T21:06:34","date_gmt":"2024-01-20T18:06:34","guid":{"rendered":"https:\/\/casacalda.md\/?post_type=product&#038;p=336"},"modified":"2024-01-20T21:08:20","modified_gmt":"2024-01-20T18:08:20","slug":"atlas-filtri-hydra-10bb-rah-90mcr-1","status":"publish","type":"product","link":"https:\/\/casacalda.md\/?product=atlas-filtri-hydra-10bb-rah-90mcr-1","title":{"rendered":"Atlas Filtri Hydra 10BB RAH 90mcr 1&#8243;"},"content":{"rendered":"<p><b>Descriere:<\/b><\/p>\n<p>ATLAS FILTRI HYDRA RAH 90 MCR (1&#8243;) este un filtru cu autocuratare pentru apa rece. Serveste la protejarea instalatiilor sanitare din intreaga casa de impuritatile mecanice precum\u00a0<b>rugina<\/b>,\u00a0<b>nisipul<\/b>,\u00a0<b>n\u0103molul<\/b>, ETC.<\/p>\n<p>Cur\u0103\u021barea se efectueaz\u0103 manual prin deschiderea supapei situate \u00een partea de jos a filtrului: \u00een doar c\u00e2teva secunde, ca urmare a unei schimb\u0103ri a direc\u021biei de curgere a apei, toate impurit\u0103\u021bile acumulate pe suprafa\u021ba cartu\u0219ului sunt \u00eendep\u0103rtate, astfel restabilirea st\u0103rii ini\u021biale a filtrului.<\/p>\n<p>Eficien\u021ba procesului de autocur\u0103\u021bare este asigurat\u0103 de prezen\u021ba unui sistem special de blocare a refluxului care \u00eempiedic\u0103 \u00eentoarcerea apei \u00een filtru.<\/p>\n<p>Filtrul HYDRA BIG este echipat cu un cartu\u0219 de filtru special lavabil: RAH BIG (plas\u0103 din o\u021bel inoxidabil) la 90 microni.<\/p>\n<p>Serveste la protejarea instalatiilor sanitare a intregii case de impuritatile mecanice, precum RUGINA, NISIPUL, IL, LUTILUL, MURZIUNEA, ETC.<\/p>\n<p><b>Caracteristici:<\/b><\/p>\n<p>Carcasa transparent\u0103<\/p>\n<p>Pentru apa rece.<\/p>\n<p>Productivitate: 6000 l\/h<\/p>\n<p>Cartu\u0219 inclus: nu<\/p>\n<p>Cur\u0103\u021bare: mecanic\u0103<\/p>\n<p>Dimensiunea carcasei: 10 inchi BIG<\/p>\n<p>Num\u0103rul de pa\u0219i de cur\u0103\u021bare: 1<\/p>\n<p>Presiunea maxim\u0103 a apei de lucru: p\u00e2n\u0103 la 8.5 atm.<\/p>\n<p>Temperatura maxim\u0103 a apei: + 40\u00b0 \u0421<\/p>\n<p>Dimensiuni de conectare \u00een inci: 1<\/p>\n<p>Dimensiuni in mm:\u00a0190 \u0425 190 \u0425 570<\/p>\n<p>Produc\u0103tor: Italia<\/p>\n","protected":false},"excerpt":{"rendered":"<p>Descriere: ATLAS FILTRI HYDRA RAH 90 MCR (1&#8243;) este un filtru cu autocuratare pentru apa rece. Serveste la protejarea instalatiilor sanitare din intreaga casa de impuritatile mecanice precum\u00a0rugina,\u00a0nisipul,\u00a0n\u0103molul, ETC. Cur\u0103\u021barea se efectueaz\u0103 manual prin deschiderea supapei situate \u00een partea de jos a filtrului: \u00een doar c\u00e2teva secunde, ca urmare a unei schimb\u0103ri a direc\u021biei de [&hellip;]<\/p>\n","protected":false},"featured_media":337,"comment_status":"open","ping_status":"closed","template":"","meta":{"site-container-style":"default","site-container-layout":"default","site-sidebar-layout":"default","disable-article-header":"default","disable-site-header":"default","disable-site-footer":"default","disable-content-area-spacing":"default"},"product_brand":[],"product_cat":[27],"product_tag":[81],"class_list":{"0":"post-336","1":"product","2":"type-product","3":"status-publish","4":"has-post-thumbnail","6":"product_cat-accesorii-sisteme-de-incalzire","7":"product_tag-atlas","9":"first","10":"instock","11":"sale","12":"shipping-taxable","13":"purchasable","14":"product-type-simple"},"jetpack_sharing_enabled":true,"_links":{"self":[{"href":"https:\/\/casacalda.md\/index.php?rest_route=\/wp\/v2\/product\/336","targetHints":{"allow":["GET"]}}],"collection":[{"href":"https:\/\/casacalda.md\/index.php?rest_route=\/wp\/v2\/product"}],"about":[{"href":"https:\/\/casacalda.md\/index.php?rest_route=\/wp\/v2\/types\/product"}],"replies":[{"embeddable":true,"href":"https:\/\/casacalda.md\/index.php?rest_route=%2Fwp%2Fv2%2Fcomments&post=336"}],"wp:featuredmedia":[{"embeddable":true,"href":"https:\/\/casacalda.md\/index.php?rest_route=\/wp\/v2\/media\/337"}],"wp:attachment":[{"href":"https:\/\/casacalda.md\/index.php?rest_route=%2Fwp%2Fv2%2Fmedia&parent=336"}],"wp:term":[{"taxonomy":"product_brand","embeddable":true,"href":"https:\/\/casacalda.md\/index.php?rest_route=%2Fwp%2Fv2%2Fproduct_brand&post=336"},{"taxonomy":"product_cat","embeddable":true,"href":"https:\/\/casacalda.md\/index.php?rest_route=%2Fwp%2Fv2%2Fproduct_cat&post=336"},{"taxonomy":"product_tag","embeddable":true,"href":"https:\/\/casacalda.md\/index.php?rest_route=%2Fwp%2Fv2%2Fproduct_tag&post=336"}],"curies":[{"name":"wp","href":"https:\/\/api.w.org\/{rel}","templated":true}]}}