{"id":338,"date":"2024-01-20T22:23:10","date_gmt":"2024-01-20T19:23:10","guid":{"rendered":"https:\/\/casacalda.md\/?post_type=product&#038;p=338"},"modified":"2024-01-20T22:23:10","modified_gmt":"2024-01-20T19:23:10","slug":"filtru-magnetic-mg1","status":"publish","type":"product","link":"https:\/\/casacalda.md\/?product=filtru-magnetic-mg1","title":{"rendered":"Filtru Magnetic MG1"},"content":{"rendered":"<p>Filtrul denisipator magnetic\u00a0<strong>Rbm MG1\u00a0<\/strong>pentru centrale termice, este solu\u021bia pentru eliminarea particulelor de rugin\u0103 \u0219i nisip care se formeaz\u0103 \u00een interiorul instala\u021biei, datorit\u0103 coroziunii \u0219i depozitelor acumulate, elimin\u0103\u00a0fenomenul de magnetit\u0103\u00a0ce poate deteriora rapid schimb\u0103toarele de c\u0103ldur\u0103\u00a0din inox sau cupru.<br \/>\nElimin\u0103\u00a0magnetita \u0219i \u00eendep\u0103rteaz\u0103\u00a0rugina \u00een propor\u021bie de 100%.<\/p>\n<p>GRADUL DE FILTRARE: MG1 elimin\u0103\u00a0particulele magnetice \u0219i nonmagnetice ce pot provoca pagube instala\u021biei chiar din prima zi de func\u021bionare. Pasajul continuu al fluidului prin filtru \u00een timpul func\u021bion\u0103rii normale a sistemului \u00een care este instalat duce treptat la eliminarea complet\u0103\u00a0a impurit\u0103\u021bilor de orice fel.<\/p>\n<hr \/>\n<p><strong>Specifica\u021bii Tehnice:<\/strong><\/p>\n<ul>\n<li>Fluid compatibil: ap\u0103, ap\u0103\u00a0+ glicol;<\/li>\n<li>Presiune max. de lucru: 3 bar;<\/li>\n<li>Racord: 3\/4 inch;<\/li>\n<li>Temperatura de lucru: 0\u00f790\u00b0C;<\/li>\n<li>Grad de filtrare: 800 \u03bcm;<\/li>\n<li>Produc\u0103tor: RBM.<\/li>\n<\/ul>\n","protected":false},"excerpt":{"rendered":"<p>Filtrul denisipator magnetic\u00a0Rbm MG1\u00a0pentru centrale termice, este solu\u021bia pentru eliminarea particulelor de rugin\u0103 \u0219i nisip care se formeaz\u0103 \u00een interiorul instala\u021biei, datorit\u0103 coroziunii \u0219i depozitelor acumulate, elimin\u0103\u00a0fenomenul de magnetit\u0103\u00a0ce poate deteriora rapid schimb\u0103toarele de c\u0103ldur\u0103\u00a0din inox sau cupru. Elimin\u0103\u00a0magnetita \u0219i \u00eendep\u0103rteaz\u0103\u00a0rugina \u00een propor\u021bie de 100%. GRADUL DE FILTRARE: MG1 elimin\u0103\u00a0particulele magnetice \u0219i nonmagnetice ce pot [&hellip;]<\/p>\n","protected":false},"featured_media":339,"comment_status":"open","ping_status":"closed","template":"","meta":{"site-container-style":"default","site-container-layout":"default","site-sidebar-layout":"default","disable-article-header":"default","disable-site-header":"default","disable-site-footer":"default","disable-content-area-spacing":"default"},"product_brand":[],"product_cat":[27],"product_tag":[82],"class_list":{"0":"post-338","1":"product","2":"type-product","3":"status-publish","4":"has-post-thumbnail","6":"product_cat-accesorii-sisteme-de-incalzire","7":"product_tag-filtru-magnetic","9":"first","10":"instock","11":"sale","12":"shipping-taxable","13":"purchasable","14":"product-type-simple"},"jetpack_sharing_enabled":true,"_links":{"self":[{"href":"https:\/\/casacalda.md\/index.php?rest_route=\/wp\/v2\/product\/338","targetHints":{"allow":["GET"]}}],"collection":[{"href":"https:\/\/casacalda.md\/index.php?rest_route=\/wp\/v2\/product"}],"about":[{"href":"https:\/\/casacalda.md\/index.php?rest_route=\/wp\/v2\/types\/product"}],"replies":[{"embeddable":true,"href":"https:\/\/casacalda.md\/index.php?rest_route=%2Fwp%2Fv2%2Fcomments&post=338"}],"wp:featuredmedia":[{"embeddable":true,"href":"https:\/\/casacalda.md\/index.php?rest_route=\/wp\/v2\/media\/339"}],"wp:attachment":[{"href":"https:\/\/casacalda.md\/index.php?rest_route=%2Fwp%2Fv2%2Fmedia&parent=338"}],"wp:term":[{"taxonomy":"product_brand","embeddable":true,"href":"https:\/\/casacalda.md\/index.php?rest_route=%2Fwp%2Fv2%2Fproduct_brand&post=338"},{"taxonomy":"product_cat","embeddable":true,"href":"https:\/\/casacalda.md\/index.php?rest_route=%2Fwp%2Fv2%2Fproduct_cat&post=338"},{"taxonomy":"product_tag","embeddable":true,"href":"https:\/\/casacalda.md\/index.php?rest_route=%2Fwp%2Fv2%2Fproduct_tag&post=338"}],"curies":[{"name":"wp","href":"https:\/\/api.w.org\/{rel}","templated":true}]}}