{"id":458,"date":"2024-04-01T20:18:51","date_gmt":"2024-04-01T17:18:51","guid":{"rendered":"https:\/\/casacalda.md\/?post_type=product&#038;p=458"},"modified":"2025-09-06T10:10:14","modified_gmt":"2025-09-06T07:10:14","slug":"robinet-koer-3-4-mf-pn40","status":"publish","type":"product","link":"https:\/\/casacalda.md\/?product=robinet-koer-3-4-mf-pn40","title":{"rendered":"Robinet Koer 3\/4 MF PN40"},"content":{"rendered":"<p style=\"font-weight: 400;\"><b><strong>ROBINET BIL\u0102 ALAMA <\/strong><\/b><b><strong>\u00a03\/4\u00a0\u201d<\/strong><\/b><b><strong>\u00a0KR.21\u00a0<\/strong><\/b><b><strong>8<\/strong><\/b><\/p>\n<p style=\"font-weight: 400;\"><b><strong>Scopul \u0219i domeniul de aplicare<\/strong><\/b><\/p>\n<p style=\"font-weight: 400;\">Supapa este utilizat\u0103 ca supap\u0103 de \u00eenchidere pe conductele sistemelor de b\u0103ut \u0219i gospod\u0103rie, alimentare cu ap\u0103 cald\u0103, \u00eenc\u0103lzire, aer comprimat, hidrocarburi lichide, precum \u0219i pe conductele de proces care transport\u0103 lichide care nu sunt agresive pentru materialele supapei\u00a0.\u00a0Utilizarea supapelor cu bil\u0103 ca supape de control nu este permis\u0103\u00a0.<\/p>\n<p style=\"font-weight: 400;\"><b><strong>Specifica\u021bii:<\/strong><\/b><\/p>\n<p style=\"font-weight: 400;\"><b><strong>Dimensiuni\u00a0<\/strong><\/b><b><strong>:<\/strong><\/b><b><strong>\u00a0G 3\/4\u201d<\/strong><\/b><\/p>\n<p style=\"font-weight: 400;\">A, mm\u00a0:\u00a063,5<\/p>\n<p style=\"font-weight: 400;\">B, mm\u00a0:\u00a0\u00a049<\/p>\n<p style=\"font-weight: 400;\">C, mm\u00a0:\u00a0\u00a063<\/p>\n<p style=\"font-weight: 400;\">Clasa de etan\u0219eitate a supapei\u00a0:\u00a0\u201eA\u201d<\/p>\n<p style=\"font-weight: 400;\">Diametre nominale, inci\u00a0:\u00a0\u00a03\/4\u201d<\/p>\n<p style=\"font-weight: 400;\">Presiune nominal\u0103 (PN), MPa\u00a0:\u00a01,6 \u00f7 4,0<\/p>\n<p style=\"font-weight: 400;\">Clasa de diametru efectiv\u00a0:\u00a0pasaj complet<\/p>\n<p style=\"font-weight: 400;\">Metoda de control\u00a0:\u00a0manuala<\/p>\n<p style=\"font-weight: 400;\">Filet de conectare, inci\u00a0:\u00a0\u00a03\/4\u201d<\/p>\n<p style=\"font-weight: 400;\">Temperatura mediului,\u00a0\u2103\u00a0:\u00a0-20\u00f7 +60<\/p>\n<p style=\"font-weight: 400;\">Umiditate ambiental\u0103, %\u00a0:\u00a00\u00f760<\/p>\n<p style=\"font-weight: 400;\">Unghiul de rota\u021bie al m\u00e2nerului \u00eentre pozi\u021bii extreme, grade\u00a0:\u00a090\u00ba<\/p>\n<p style=\"font-weight: 400;\">Temperatura mediului de lucru,\u00a0\u2103\u00a0:\u00a0-20 \u00f7 150<\/p>\n<p style=\"font-weight: 400;\">Material corp\u00a0:\u00a0alam\u0103 placat\u0103 cu nichel CW617N<\/p>\n<p style=\"font-weight: 400;\">Material robinet cu bil\u0103\u00a0:\u00a0alam\u0103 CW617N cromat<\/p>\n<p style=\"font-weight: 400;\">Material tij\u0103\u00a0:\u00a0CW617N alam\u0103 placat\u0103 cu nichel<\/p>\n<p style=\"font-weight: 400;\">\n","protected":false},"excerpt":{"rendered":"<p>ROBINET BIL\u0102 ALAMA \u00a03\/4\u00a0\u201d\u00a0KR.21\u00a08 Scopul \u0219i domeniul de aplicare Supapa este utilizat\u0103 ca supap\u0103 de \u00eenchidere pe conductele sistemelor de b\u0103ut \u0219i gospod\u0103rie, alimentare cu ap\u0103 cald\u0103, \u00eenc\u0103lzire, aer comprimat, hidrocarburi lichide, precum \u0219i pe conductele de proces care transport\u0103 lichide care nu sunt agresive pentru materialele supapei\u00a0.\u00a0Utilizarea supapelor cu bil\u0103 ca supape de control [&hellip;]<\/p>\n","protected":false},"featured_media":454,"comment_status":"open","ping_status":"closed","template":"","meta":{"site-container-style":"default","site-container-layout":"default","site-sidebar-layout":"default","disable-article-header":"default","disable-site-header":"default","disable-site-footer":"default","disable-content-area-spacing":"default"},"product_brand":[],"product_cat":[91],"product_tag":[92],"class_list":{"0":"post-458","1":"product","2":"type-product","3":"status-publish","4":"has-post-thumbnail","6":"product_cat-robineti-si-fitinguri","7":"product_tag-koer","9":"first","10":"instock","11":"shipping-taxable","12":"purchasable","13":"product-type-simple"},"jetpack_sharing_enabled":true,"_links":{"self":[{"href":"https:\/\/casacalda.md\/index.php?rest_route=\/wp\/v2\/product\/458","targetHints":{"allow":["GET"]}}],"collection":[{"href":"https:\/\/casacalda.md\/index.php?rest_route=\/wp\/v2\/product"}],"about":[{"href":"https:\/\/casacalda.md\/index.php?rest_route=\/wp\/v2\/types\/product"}],"replies":[{"embeddable":true,"href":"https:\/\/casacalda.md\/index.php?rest_route=%2Fwp%2Fv2%2Fcomments&post=458"}],"wp:featuredmedia":[{"embeddable":true,"href":"https:\/\/casacalda.md\/index.php?rest_route=\/wp\/v2\/media\/454"}],"wp:attachment":[{"href":"https:\/\/casacalda.md\/index.php?rest_route=%2Fwp%2Fv2%2Fmedia&parent=458"}],"wp:term":[{"taxonomy":"product_brand","embeddable":true,"href":"https:\/\/casacalda.md\/index.php?rest_route=%2Fwp%2Fv2%2Fproduct_brand&post=458"},{"taxonomy":"product_cat","embeddable":true,"href":"https:\/\/casacalda.md\/index.php?rest_route=%2Fwp%2Fv2%2Fproduct_cat&post=458"},{"taxonomy":"product_tag","embeddable":true,"href":"https:\/\/casacalda.md\/index.php?rest_route=%2Fwp%2Fv2%2Fproduct_tag&post=458"}],"curies":[{"name":"wp","href":"https:\/\/api.w.org\/{rel}","templated":true}]}}