{"id":472,"date":"2024-04-01T20:59:57","date_gmt":"2024-04-01T17:59:57","guid":{"rendered":"https:\/\/casacalda.md\/?post_type=product&#038;p=472"},"modified":"2025-09-06T09:46:14","modified_gmt":"2025-09-06T06:46:14","slug":"supapa-1-2","status":"publish","type":"product","link":"https:\/\/casacalda.md\/?product=supapa-1-2","title":{"rendered":"Supapa KOER 1\/2"},"content":{"rendered":"<h2 style=\"font-weight: 500;\">Supap\u0103 de re\u021binere Koer 1\/2&#8243;<\/h2>\n<p style=\"font-weight: 400;\"><b><strong>VALV\u0102 DE RE\u021aINERE\u00a0<\/strong><\/b><b><strong>1\/2\u201d\u00a0<\/strong><\/b><b><strong>\u00a0KR.171<\/strong><\/b><\/p>\n<p style=\"font-weight: 400;\"><b><strong>Scop \u0219i domeniu de aplicare:<\/strong><\/b><\/p>\n<p style=\"font-weight: 400;\">Supapa de re\u021binere cu arc este proiectat\u0103 pentru instalarea pe re\u021belele de conducte hidraulice \u0219i pneumatice \u0219i trecerea mediului transportat \u00eentr-o singur\u0103 direc\u021bie (indicat\u0103 prin s\u0103geata de pe corpul supapei)\u00a0.\u00a0Aerul comprimat, apa rece \u0219i fierbinte \u0219i alte lichide care nu sunt agresive pentru materialul supapei pot fi utilizate ca mediu de transport\u00a0.<\/p>\n<p style=\"font-weight: 400;\"><b><strong>Specifica\u021bii:<\/strong><\/b><\/p>\n<p style=\"font-weight: 400;\">Dimensiuni, G\u00a0:\u00a01\/2\u201d<\/p>\n<p style=\"font-weight: 400;\">A, mm\u00a0:\u00a033,5<\/p>\n<p style=\"font-weight: 400;\">B, mm\u00a0:\u00a046,5<\/p>\n<p style=\"font-weight: 400;\">Presiune nominal\u0103, bar\u00a0:\u00a040<\/p>\n<p style=\"font-weight: 400;\">Presiune minima de lucru, bar\u00a0:\u00a00,05<\/p>\n<p style=\"font-weight: 400;\">C\u0103dere de presiune minim\u0103 la deschiderea supapei, bar\u00a0:\u00a00,025<\/p>\n<p style=\"font-weight: 400;\">Interval de temperatur\u0103 a mediului de lucru,\u00a0\u2103\u00a0:\u00a0de la -20 la +90<\/p>\n<p style=\"font-weight: 400;\">C\u0103dere minim\u0103 de presiune la \u00eenchiderea supapei, bar\u00a0:\u00a00,05<\/p>\n<p style=\"font-weight: 400;\">Durat\u0103 medie de via\u021b\u0103 complet\u0103, ani\u00a0:\u00a015<\/p>\n<p style=\"font-weight: 400;\">Material corp\u00a0:\u00a0alam\u0103 CW617N<\/p>\n<p style=\"font-weight: 400;\">\n","protected":false},"excerpt":{"rendered":"<p>Supap\u0103 de re\u021binere Koer 1\/2&#8243; VALV\u0102 DE RE\u021aINERE\u00a01\/2\u201d\u00a0\u00a0KR.171 Scop \u0219i domeniu de aplicare: Supapa de re\u021binere cu arc este proiectat\u0103 pentru instalarea pe re\u021belele de conducte hidraulice \u0219i pneumatice \u0219i trecerea mediului transportat \u00eentr-o singur\u0103 direc\u021bie (indicat\u0103 prin s\u0103geata de pe corpul supapei)\u00a0.\u00a0Aerul comprimat, apa rece \u0219i fierbinte \u0219i alte lichide care nu sunt agresive [&hellip;]<\/p>\n","protected":false},"featured_media":471,"comment_status":"open","ping_status":"closed","template":"","meta":{"site-container-style":"default","site-container-layout":"default","site-sidebar-layout":"default","disable-article-header":"default","disable-site-header":"default","disable-site-footer":"default","disable-content-area-spacing":"default"},"product_brand":[],"product_cat":[91],"product_tag":[92],"class_list":{"0":"post-472","1":"product","2":"type-product","3":"status-publish","4":"has-post-thumbnail","6":"product_cat-robineti-si-fitinguri","7":"product_tag-koer","9":"first","10":"instock","11":"shipping-taxable","12":"purchasable","13":"product-type-simple"},"jetpack_sharing_enabled":true,"_links":{"self":[{"href":"https:\/\/casacalda.md\/index.php?rest_route=\/wp\/v2\/product\/472","targetHints":{"allow":["GET"]}}],"collection":[{"href":"https:\/\/casacalda.md\/index.php?rest_route=\/wp\/v2\/product"}],"about":[{"href":"https:\/\/casacalda.md\/index.php?rest_route=\/wp\/v2\/types\/product"}],"replies":[{"embeddable":true,"href":"https:\/\/casacalda.md\/index.php?rest_route=%2Fwp%2Fv2%2Fcomments&post=472"}],"wp:featuredmedia":[{"embeddable":true,"href":"https:\/\/casacalda.md\/index.php?rest_route=\/wp\/v2\/media\/471"}],"wp:attachment":[{"href":"https:\/\/casacalda.md\/index.php?rest_route=%2Fwp%2Fv2%2Fmedia&parent=472"}],"wp:term":[{"taxonomy":"product_brand","embeddable":true,"href":"https:\/\/casacalda.md\/index.php?rest_route=%2Fwp%2Fv2%2Fproduct_brand&post=472"},{"taxonomy":"product_cat","embeddable":true,"href":"https:\/\/casacalda.md\/index.php?rest_route=%2Fwp%2Fv2%2Fproduct_cat&post=472"},{"taxonomy":"product_tag","embeddable":true,"href":"https:\/\/casacalda.md\/index.php?rest_route=%2Fwp%2Fv2%2Fproduct_tag&post=472"}],"curies":[{"name":"wp","href":"https:\/\/api.w.org\/{rel}","templated":true}]}}