{"id":475,"date":"2024-04-01T21:09:11","date_gmt":"2024-04-01T18:09:11","guid":{"rendered":"https:\/\/casacalda.md\/?post_type=product&#038;p=475"},"modified":"2026-02-24T06:50:12","modified_gmt":"2026-02-24T03:50:12","slug":"set-robineti-cu-termostat-p-u-calarifer-1-2-colt","status":"publish","type":"product","link":"https:\/\/casacalda.md\/?product=set-robineti-cu-termostat-p-u-calarifer-1-2-colt","title":{"rendered":"Set robineti cu termostat p\/u calarifer 1\/2 colt"},"content":{"rendered":"<h2 style=\"font-weight: 500;\">Kit KOER SET-11 &#8211; 1\/2&#8243;x1\/2&#8243; pentru conectarea unui radiator (unghiular) cu un cap termic HV<\/h2>\n<p style=\"font-weight: 400;\"><b><strong>SPECIFICATII TEHNICE:<\/strong><\/b><\/p>\n<ul>\n<li style=\"font-weight: 400;\">Temperatura maxima de functionare: 100\u00b0C<\/li>\n<li style=\"font-weight: 400;\">Presiune maxim\u0103 de lucru: 10 bar<\/li>\n<li style=\"font-weight: 400;\">Filet de conectare pe partea de intrare a fluxului: 1\/2&#8243;<\/li>\n<li style=\"font-weight: 400;\">Filet pentru cap termostatic: M30\u00d71,5<\/li>\n<li style=\"font-weight: 400;\">Domeniu de reglare a capului termostatic: 6-28\u00b0C<\/li>\n<\/ul>\n<p style=\"font-weight: 400;\">\u00cen sistemele de inginerie moderne, nu este suficient s\u0103 controla\u021bi temperatura lichidului de r\u0103cire pentru o reglare corect\u0103 \u0219i un consum adecvat de energie: temperatura poate varia semnificativ \u00een diferite \u00eenc\u0103peri ale cl\u0103dirii.<\/p>\n<p style=\"font-weight: 400;\">\u00cen \u00eenc\u0103perile de pe laturile de sud \u0219i de nord ale cl\u0103dirii, regimul de temperatur\u0103 difer\u0103 semnificativ \u0219i exist\u0103 \u0219i fluctua\u021bii mari de temperatur\u0103 \u00een timpul zilei din cauza schimb\u0103rilor de vreme \u0219i din cauza func\u021bion\u0103rii diferitelor aparate electrice. Pentru a utiliza energia termic\u0103 doar atunci c\u00e2nd este nevoie, cea mai simpl\u0103, mai ieftin\u0103 \u0219i mai eficient\u0103 solu\u021bie de control este echiparea fiec\u0103rui radiator cu un set de supape KOER. Aceast\u0103 solu\u021bie va permite efectuarea de ajust\u0103ri simplu \u0219i cu mare precizie, ceea ce va asigura c\u0103 fiecare camer\u0103 are exact temperatura necesar\u0103.<\/p>\n<p style=\"font-weight: 400;\"><b><strong>KIT-urile includ:<\/strong><\/b><\/p>\n<ul>\n<li style=\"font-weight: 400;\">Supape termostatice (instalate la intrarea lichidului de r\u0103cire \u00een calorifer \u0219i servesc la reglarea f\u0103r\u0103 probleme a condi\u021biilor termice din \u00eenc\u0103pere);<\/li>\n<li style=\"font-weight: 400;\">Supape de reglare (instalate la ie\u0219irea lichidului de r\u0103cire din calorifer \u0219i utilizate pentru echilibrarea primar\u0103 a sistemului de \u00eenc\u0103lzire);<\/li>\n<li style=\"font-weight: 400;\">Capete termostatice (instalate pe robinete termostatice \u0219i utilizate pentru automatizarea controlului temperaturii camerei).<\/li>\n<\/ul>\n<p style=\"font-weight: 400;\">Kitul termostatic KOER v\u0103 permite s\u0103 regla\u021bi automat alimentarea cu lichid de r\u0103cire c\u0103tre calorifer, men\u021bin\u00e2nd temperatura camerei la un anumit nivel.<\/p>\n<p style=\"font-weight: 400;\">O modificare a temperaturii \u00een camer\u0103 duce la o modificare a volumului de lichid \u00een senzorul situat \u00een interiorul capului termic. Ca urmare, tija capului se deplaseaz\u0103, asigur\u00e2nd deschiderea sau \u00eenchiderea supapei \u0219i modific\u00e2nd volumul de lichid de r\u0103cire care intr\u0103 \u00een radiator.<\/p>\n<p style=\"font-weight: 400;\">C\u00e2nd temperatura necesar\u0103 \u00een camer\u0103 este atins\u0103, capul termic \u00eenchide treptat supapa, l\u0103s\u00e2nd s\u0103 curg\u0103 doar o cantitate mic\u0103 de ap\u0103, pentru a men\u021bine temperatura setat\u0103 \u00een camer\u0103.<\/p>\n<p style=\"font-weight: 400;\"><b><strong>POZI\u021aIA DE SETARE, C\u00c2NT\u0102R\u0102 VOLANT\u0102<\/strong><\/b><\/p>\n<p style=\"font-weight: 400;\">Prin reglarea ro\u021bii de m\u00e2n\u0103, temperatura indicat\u0103 \u00een tabel este men\u021binut\u0103 \u00een camer\u0103, iar acurate\u021bea controlului depinde de instalarea corect\u0103 a termostatului \u0219i de alegerea dispozitivului de \u00eenc\u0103lzire.<\/p>\n<p style=\"font-weight: 400;\">Pozi\u021bia \u201e3\u201d corespunde unei temperaturi confortabile a camerei de 20\u00b0C \u0219i asigur\u0103 economii de energie \u0219i c\u0103ldur\u0103.<\/p>\n<p style=\"font-weight: 400;\"><b><strong>SFATURI DE INSTALARE<\/strong><\/b><\/p>\n<p style=\"font-weight: 400;\">Capul termostatic nu trebuie expus la lumina direct\u0103 a soarelui sau la dispozitive care emit c\u0103ldur\u0103 (de exemplu, un televizor). Dac\u0103 radiatorul este \u00eenchis sau cu perdele, se creeaz\u0103 o zon\u0103 termic\u0103 \u00een care capul termostatic nu poate percepe temperatura real\u0103 a camerei \u0219i, prin urmare, nu poate regla.<\/p>\n<p style=\"font-weight: 400;\"><b><strong>INSTALARE<\/strong><\/b><\/p>\n<ol>\n<li style=\"font-weight: 400;\">Scoate\u021bi capacul de protec\u021bie din plastic sau actuatorul manual de la supapa termostatic\u0103 \u00eencorporat\u0103.<\/li>\n<li style=\"font-weight: 400;\">Seta\u021bi capul termostatic \u00een pozi\u021bia \u201ecomplet deschis\u201d (setare din fabric\u0103), astfel \u00eenc\u00e2t indicatorul pozi\u021biei de reglare s\u0103 fie clar vizibil.<\/li>\n<li style=\"font-weight: 400;\">\u00cen\u0219uruba\u021bi piuli\u021ba de \u00eembinare \u0219i str\u00e2nge\u021bi moderat<\/li>\n<li style=\"font-weight: 400;\">Verifica\u021bi func\u021bionarea rotind roata de m\u00e2n\u0103 (de exemplu, set\u00e2nd roata de m\u00e2n\u0103 \u00een pozi\u021bia \u201e3\u201d).<\/li>\n<\/ol>\n","protected":false},"excerpt":{"rendered":"<p>Kit KOER SET-11 &#8211; 1\/2&#8243;x1\/2&#8243; pentru conectarea unui radiator (unghiular) cu un cap termic HV SPECIFICATII TEHNICE: Temperatura maxima de functionare: 100\u00b0C Presiune maxim\u0103 de lucru: 10 bar Filet de conectare pe partea de intrare a fluxului: 1\/2&#8243; Filet pentru cap termostatic: M30\u00d71,5 Domeniu de reglare a capului termostatic: 6-28\u00b0C \u00cen sistemele de inginerie moderne, [&hellip;]<\/p>\n","protected":false},"featured_media":476,"comment_status":"open","ping_status":"closed","template":"","meta":{"site-container-style":"default","site-container-layout":"default","site-sidebar-layout":"default","disable-article-header":"default","disable-site-header":"default","disable-site-footer":"default","disable-content-area-spacing":"default"},"product_brand":[],"product_cat":[91],"product_tag":[],"class_list":{"0":"post-475","1":"product","2":"type-product","3":"status-publish","4":"has-post-thumbnail","6":"product_cat-robineti-si-fitinguri","8":"first","9":"instock","10":"shipping-taxable","11":"purchasable","12":"product-type-simple"},"jetpack_sharing_enabled":true,"_links":{"self":[{"href":"https:\/\/casacalda.md\/index.php?rest_route=\/wp\/v2\/product\/475","targetHints":{"allow":["GET"]}}],"collection":[{"href":"https:\/\/casacalda.md\/index.php?rest_route=\/wp\/v2\/product"}],"about":[{"href":"https:\/\/casacalda.md\/index.php?rest_route=\/wp\/v2\/types\/product"}],"replies":[{"embeddable":true,"href":"https:\/\/casacalda.md\/index.php?rest_route=%2Fwp%2Fv2%2Fcomments&post=475"}],"wp:featuredmedia":[{"embeddable":true,"href":"https:\/\/casacalda.md\/index.php?rest_route=\/wp\/v2\/media\/476"}],"wp:attachment":[{"href":"https:\/\/casacalda.md\/index.php?rest_route=%2Fwp%2Fv2%2Fmedia&parent=475"}],"wp:term":[{"taxonomy":"product_brand","embeddable":true,"href":"https:\/\/casacalda.md\/index.php?rest_route=%2Fwp%2Fv2%2Fproduct_brand&post=475"},{"taxonomy":"product_cat","embeddable":true,"href":"https:\/\/casacalda.md\/index.php?rest_route=%2Fwp%2Fv2%2Fproduct_cat&post=475"},{"taxonomy":"product_tag","embeddable":true,"href":"https:\/\/casacalda.md\/index.php?rest_route=%2Fwp%2Fv2%2Fproduct_tag&post=475"}],"curies":[{"name":"wp","href":"https:\/\/api.w.org\/{rel}","templated":true}]}}