{"id":477,"date":"2024-04-01T21:19:30","date_gmt":"2024-04-01T18:19:30","guid":{"rendered":"https:\/\/casacalda.md\/?post_type=product&#038;p=477"},"modified":"2025-09-06T09:39:32","modified_gmt":"2025-09-06T06:39:32","slug":"robinet-cu-olandeza-1-2-mf","status":"publish","type":"product","link":"https:\/\/casacalda.md\/?product=robinet-cu-olandeza-1-2-mf","title":{"rendered":"Robinet cu olandeza KOER KR 227 W-1\/2"},"content":{"rendered":"<p style=\"font-weight: 400;\"><b><strong>ROBINET BIL\u0102 ALAMA CU JUM\u0102T\u0102 BUP\u0102 DREPT <\/strong><\/b><b><strong>1\/2\u201d<\/strong><\/b><b><strong>\u00a0KR.227.W<\/strong><\/b><\/p>\n<p style=\"font-weight: 400;\"><b><strong>Scopul \u0219i domeniul de aplicare<\/strong><\/b><\/p>\n<p style=\"font-weight: 400;\">Supapele sunt utilizate ca supape de \u00eenchidere pe conductele sistemelor de b\u0103ut \u0219i gospod\u0103rie, alimentare cu ap\u0103 cald\u0103, \u00eenc\u0103lzire, aer comprimat, precum \u0219i pe conductele de proces care transport\u0103 lichide care nu sunt agresive pentru materialele supapei\u00a0.\u00a0Utilizarea supapelor cu bil\u0103 ca supape de control nu este permis\u0103\u00a0.\u00a0Prezen\u021ba unui semi-cadru v\u0103 permite s\u0103 instala\u021bi \u0219i s\u0103 demonta\u021bi macaraua f\u0103r\u0103 a demonta conducta\u00a0.<\/p>\n<p style=\"font-weight: 400;\"><b><strong>Specifica\u021bii:<\/strong><\/b><\/p>\n<p style=\"font-weight: 400;\"><b><strong>Dimensiuni, G\u00a0<\/strong><\/b><b><strong>:\u00a0<\/strong><\/b><b><strong>1\/2\u201d<\/strong><\/b><\/p>\n<p style=\"font-weight: 400;\">A, mm\u00a0:\u00a076<\/p>\n<p style=\"font-weight: 400;\">B, mm\u00a0:\u00a042<\/p>\n<p style=\"font-weight: 400;\">C, mm\u00a0:\u00a053<\/p>\n<p style=\"font-weight: 400;\">Clasa de etan\u0219eitate a supapei\u00a0:\u00a0\u201eA\u201d<\/p>\n<p style=\"font-weight: 400;\">Diametre nominale, inci\u00a0:\u00a01\/2\u201d<\/p>\n<p style=\"font-weight: 400;\">Presiune nominal\u0103 (PN), MPa\u00a0:\u00a01,6 \u00f7 4,0<\/p>\n<p style=\"font-weight: 400;\">Clasa de diametru efectiv\u00a0:\u00a0pasaj complet<\/p>\n<p style=\"font-weight: 400;\">Metoda de control\u00a0:\u00a0manuala<\/p>\n<p style=\"font-weight: 400;\">Filet de conectare, inci\u00a0:\u00a01\/2\u201d<\/p>\n<p style=\"font-weight: 400;\">Temperatura mediului,\u00a0\u2103\u00a0:\u00a0-20\u00f7 +60<\/p>\n<p style=\"font-weight: 400;\">Umiditate ambiental\u0103, %\u00a0:\u00a00\u00f760<\/p>\n<p style=\"font-weight: 400;\">Temperatura mediului de lucru,\u00a0\u2103\u00a0:\u00a0-20 \u00f7 120<\/p>\n<p style=\"font-weight: 400;\">Material corp\u00a0:\u00a0alam\u0103 placat\u0103 cu nichel CW617N<\/p>\n<p style=\"font-weight: 400;\">Material robinet cu bil\u0103\u00a0:\u00a0alam\u0103 CW617N cromat<\/p>\n<p style=\"font-weight: 400;\">Material tij\u0103\u00a0:\u00a0CW617N alam\u0103 placat\u0103 cu nichel<\/p>\n<p style=\"font-weight: 400;\">\n","protected":false},"excerpt":{"rendered":"<p>ROBINET BIL\u0102 ALAMA CU JUM\u0102T\u0102 BUP\u0102 DREPT 1\/2\u201d\u00a0KR.227.W Scopul \u0219i domeniul de aplicare Supapele sunt utilizate ca supape de \u00eenchidere pe conductele sistemelor de b\u0103ut \u0219i gospod\u0103rie, alimentare cu ap\u0103 cald\u0103, \u00eenc\u0103lzire, aer comprimat, precum \u0219i pe conductele de proces care transport\u0103 lichide care nu sunt agresive pentru materialele supapei\u00a0.\u00a0Utilizarea supapelor cu bil\u0103 ca supape [&hellip;]<\/p>\n","protected":false},"featured_media":478,"comment_status":"open","ping_status":"closed","template":"","meta":{"site-container-style":"default","site-container-layout":"default","site-sidebar-layout":"default","disable-article-header":"default","disable-site-header":"default","disable-site-footer":"default","disable-content-area-spacing":"default"},"product_brand":[],"product_cat":[91],"product_tag":[92],"class_list":{"0":"post-477","1":"product","2":"type-product","3":"status-publish","4":"has-post-thumbnail","6":"product_cat-robineti-si-fitinguri","7":"product_tag-koer","9":"first","10":"instock","11":"shipping-taxable","12":"purchasable","13":"product-type-simple"},"jetpack_sharing_enabled":true,"_links":{"self":[{"href":"https:\/\/casacalda.md\/index.php?rest_route=\/wp\/v2\/product\/477","targetHints":{"allow":["GET"]}}],"collection":[{"href":"https:\/\/casacalda.md\/index.php?rest_route=\/wp\/v2\/product"}],"about":[{"href":"https:\/\/casacalda.md\/index.php?rest_route=\/wp\/v2\/types\/product"}],"replies":[{"embeddable":true,"href":"https:\/\/casacalda.md\/index.php?rest_route=%2Fwp%2Fv2%2Fcomments&post=477"}],"wp:featuredmedia":[{"embeddable":true,"href":"https:\/\/casacalda.md\/index.php?rest_route=\/wp\/v2\/media\/478"}],"wp:attachment":[{"href":"https:\/\/casacalda.md\/index.php?rest_route=%2Fwp%2Fv2%2Fmedia&parent=477"}],"wp:term":[{"taxonomy":"product_brand","embeddable":true,"href":"https:\/\/casacalda.md\/index.php?rest_route=%2Fwp%2Fv2%2Fproduct_brand&post=477"},{"taxonomy":"product_cat","embeddable":true,"href":"https:\/\/casacalda.md\/index.php?rest_route=%2Fwp%2Fv2%2Fproduct_cat&post=477"},{"taxonomy":"product_tag","embeddable":true,"href":"https:\/\/casacalda.md\/index.php?rest_route=%2Fwp%2Fv2%2Fproduct_tag&post=477"}],"curies":[{"name":"wp","href":"https:\/\/api.w.org\/{rel}","templated":true}]}}