{"id":485,"date":"2024-04-01T21:39:15","date_gmt":"2024-04-01T18:39:15","guid":{"rendered":"https:\/\/casacalda.md\/?post_type=product&#038;p=485"},"modified":"2025-09-06T09:27:54","modified_gmt":"2025-09-06T06:27:54","slug":"pompa-de-circulatie-koer-kp-n25-6-180","status":"publish","type":"product","link":"https:\/\/casacalda.md\/?product=pompa-de-circulatie-koer-kp-n25-6-180","title":{"rendered":"Pomp\u0103 de circula\u021bie KOER  KP N25\/6-180"},"content":{"rendered":"<h2 style=\"font-weight: 500;\">Pompa de economisire a energiei Koer KP.N25\/6-180<\/h2>\n<p style=\"font-weight: 400;\"><b><strong>SCOP \u0218I DOMENIUL DE APLICARE<\/strong><\/b><\/p>\n<p style=\"font-weight: 400;\">Pompele de circula\u021bie eficiente din punct de vedere energetic cu o lungime de instalare de 180 mm sunt utilizate pentru pomparea lichidului de r\u0103cire \u00een sistemele de \u00eenc\u0103lzire, sistemele de \u00eenc\u0103lzire prin pardoseal\u0103 \u0219i alimentarea cu ap\u0103 cald\u0103. Lichidul de r\u0103cire poate fi fie ap\u0103 dulce pur\u0103, fie lichid cu 50% impurit\u0103\u021bi de glicol. Pompele de acest tip m\u0103resc semnificativ eficien\u021ba sistemelor de \u00eenc\u0103lzire. Pompele se caracterizeaz\u0103 prin niveluri sc\u0103zute de zgomot, design simplu \u0219i fiabil. Este o solu\u021bie bun\u0103 pentru apartamente, case private, cabane, agricultur\u0103 \u0219i depozite. Pompele eficiente din punct de vedere energetic economisesc semnificativ costurile cu energia.<\/p>\n<p style=\"font-weight: 400;\"><b><strong>TERMENI DE UTILIZARE<\/strong><\/b><\/p>\n<ul>\n<li style=\"font-weight: 400;\">Lichid de r\u0103cire: ap\u0103 proasp\u0103t\u0103. Este posibil s\u0103 se utilizeze fluide cu un con\u021binut de glicol de p\u00e2n\u0103 la 50% cu o deteriorare semnificativ\u0103 a performan\u021bei pompei.<\/li>\n<li style=\"font-weight: 400;\">Gradul de poluare: inacceptabil<\/li>\n<li style=\"font-weight: 400;\">Umiditatea aerului ambiant: % &lt;60<\/li>\n<li style=\"font-weight: 400;\">Temperatura ambiant\u0103: + 5 \u00b0C &#8230; + 40 \u00b0C<\/li>\n<li style=\"font-weight: 400;\">Temperatura lichidului pompat: -5 \u00b0C &#8230; + 110 \u00b0C<\/li>\n<li style=\"font-weight: 400;\">Presiune maxim\u0103 de lucru: 1,0 MPa (10 bar)<\/li>\n<li style=\"font-weight: 400;\">Lungime de instalare: 180 mm<\/li>\n<li style=\"font-weight: 400;\">Diametru nominal 25 mm<\/li>\n<li style=\"font-weight: 400;\">Conexiune: 1 1\/2&#8243;<\/li>\n<li style=\"font-weight: 400;\">Num\u0103r de moduri de operare:11<\/li>\n<\/ul>\n<p style=\"font-weight: 400;\"><b><strong>MOTOR<\/strong><\/b><\/p>\n<ul>\n<li style=\"font-weight: 400;\">Tip motor: magnet permanent sincron cu convertizor de frecventa a vitezei de rotatie a arborelui si protectie termica incorporata in infasurare<\/li>\n<li style=\"font-weight: 400;\">Izola\u021bie stator: o\u021bel inoxidabil austenitic AISI 304<\/li>\n<li style=\"font-weight: 400;\">\u00cenf\u0103\u015fur\u0103ri statorice 100% cupru<\/li>\n<li style=\"font-weight: 400;\">Clasa de izola\u021bie:F- rezisten\u021ba la c\u0103ldur\u0103 a motorului p\u00e2n\u0103 la 155 \u00b0 C.<\/li>\n<li style=\"font-weight: 400;\">Rulmenti: nanoceramice din oxid de aluminiu metalizat<\/li>\n<li style=\"font-weight: 400;\">Tensiune: 220-240 V<\/li>\n<li style=\"font-weight: 400;\">Frecven\u021b\u0103: 50 Hz<\/li>\n<li style=\"font-weight: 400;\">Clasa de protectie: IP 44<\/li>\n<li style=\"font-weight: 400;\">Lungime cablu: 1,3 m.<\/li>\n<li style=\"font-weight: 400;\">Mod de operare: continuu<\/li>\n<li style=\"font-weight: 400;\">Con\u021binut: pomp\u0103,piuli\u021be din o\u021bel, cablu,instruc\u021biuni<\/li>\n<\/ul>\n<p style=\"font-weight: 400;\"><b><strong>PARTEA DE POMPARE<\/strong><\/b><\/p>\n<ul>\n<li style=\"font-weight: 400;\">Corp: aluminiu si fonta cu tratament de cataforeza anticoroziva si vopsire impermeabila<\/li>\n<li style=\"font-weight: 400;\">Rotor: tehnopolimer polietersulfon\u0103 (PES)<\/li>\n<li style=\"font-weight: 400;\">Arborele motorului: nanoceramic\u0103 din oxid de aluminiu metalizat<\/li>\n<\/ul>\n<p style=\"font-weight: 400;\"><b><strong>DEBIT-PRESIUNE\u00a0<\/strong><\/b><b><strong>\u0218I\u00a0DIMENSIUNE-GREUTATE\u00a0<\/strong><\/b><b><strong>CARACTERISTICI<\/strong><\/b><\/p>\n<p style=\"font-weight: 400;\">Model: KP.\u00a0N\u00a0-25\/6-180<\/p>\n<p style=\"font-weight: 400;\">putere:<\/p>\n<ul>\n<li style=\"font-weight: 400;\">kW: 0,035<\/li>\n<li style=\"font-weight: 400;\">K.S.: 0,124<\/li>\n<\/ul>\n<p style=\"font-weight: 400;\">Qmax, (l\/min): 55<\/p>\n<p style=\"font-weight: 400;\">Hmax, (m): 6,0<\/p>\n<p style=\"font-weight: 400;\">Greutate brut\u0103, kg:\u00a03,5<\/p>\n<p style=\"font-weight: 400;\">Dimensiuni cutie, mm (Lxlxh): 210x150x100<\/p>\n<p style=\"font-weight: 400;\">\n","protected":false},"excerpt":{"rendered":"<p>Pompa de economisire a energiei Koer KP.N25\/6-180 SCOP \u0218I DOMENIUL DE APLICARE Pompele de circula\u021bie eficiente din punct de vedere energetic cu o lungime de instalare de 180 mm sunt utilizate pentru pomparea lichidului de r\u0103cire \u00een sistemele de \u00eenc\u0103lzire, sistemele de \u00eenc\u0103lzire prin pardoseal\u0103 \u0219i alimentarea cu ap\u0103 cald\u0103. Lichidul de r\u0103cire poate fi [&hellip;]<\/p>\n","protected":false},"featured_media":486,"comment_status":"open","ping_status":"closed","template":"","meta":{"site-container-style":"default","site-container-layout":"default","site-sidebar-layout":"default","disable-article-header":"default","disable-site-header":"default","disable-site-footer":"default","disable-content-area-spacing":"default"},"product_brand":[],"product_cat":[27],"product_tag":[92,112],"class_list":{"0":"post-485","1":"product","2":"type-product","3":"status-publish","4":"has-post-thumbnail","6":"product_cat-accesorii-sisteme-de-incalzire","7":"product_tag-koer","8":"product_tag-pompa-koer","10":"first","11":"instock","12":"sale","13":"shipping-taxable","14":"purchasable","15":"product-type-simple"},"jetpack_sharing_enabled":true,"_links":{"self":[{"href":"https:\/\/casacalda.md\/index.php?rest_route=\/wp\/v2\/product\/485","targetHints":{"allow":["GET"]}}],"collection":[{"href":"https:\/\/casacalda.md\/index.php?rest_route=\/wp\/v2\/product"}],"about":[{"href":"https:\/\/casacalda.md\/index.php?rest_route=\/wp\/v2\/types\/product"}],"replies":[{"embeddable":true,"href":"https:\/\/casacalda.md\/index.php?rest_route=%2Fwp%2Fv2%2Fcomments&post=485"}],"wp:featuredmedia":[{"embeddable":true,"href":"https:\/\/casacalda.md\/index.php?rest_route=\/wp\/v2\/media\/486"}],"wp:attachment":[{"href":"https:\/\/casacalda.md\/index.php?rest_route=%2Fwp%2Fv2%2Fmedia&parent=485"}],"wp:term":[{"taxonomy":"product_brand","embeddable":true,"href":"https:\/\/casacalda.md\/index.php?rest_route=%2Fwp%2Fv2%2Fproduct_brand&post=485"},{"taxonomy":"product_cat","embeddable":true,"href":"https:\/\/casacalda.md\/index.php?rest_route=%2Fwp%2Fv2%2Fproduct_cat&post=485"},{"taxonomy":"product_tag","embeddable":true,"href":"https:\/\/casacalda.md\/index.php?rest_route=%2Fwp%2Fv2%2Fproduct_tag&post=485"}],"curies":[{"name":"wp","href":"https:\/\/api.w.org\/{rel}","templated":true}]}}