{"id":528,"date":"2025-09-02T16:52:25","date_gmt":"2025-09-02T13:52:25","guid":{"rendered":"https:\/\/casacalda.md\/?post_type=product&#038;p=528"},"modified":"2025-09-02T16:52:25","modified_gmt":"2025-09-02T13:52:25","slug":"adeziv-loxeal-58-11-tb-50ml","status":"publish","type":"product","link":"https:\/\/casacalda.md\/?product=adeziv-loxeal-58-11-tb-50ml","title":{"rendered":"Adeziv LOXEAL 58-11 TB 50ml"},"content":{"rendered":"<h3 class=\"title\">Despre produs<\/h3>\n<div id=\"product-description-full\" class=\"product-description-full\">\n<p>Etan\u0219antul de filete LOXEAL umple spa\u021biul dintre piesele filetate \u0219i asigur\u0103 etan\u0219are rapid\u0103, la presiune joas\u0103. Dup\u0103 ce s-a \u00eent\u0103rit complet, produsul etan\u0219eaz\u0103 p\u00een\u0103 la rezisten\u021ba de plesnire a majorit\u0103\u021bii sistemelor de \u021bevi. Dac\u0103 ave\u021bi nevoie de produse profesionale pentru etan\u0219area \u021bevilor, fitingurilor \u0219i altor ansambluri filetate, portofoliul LOXEAL v\u0103 ofer\u0103 solu\u021bia optim\u0103 pentru orice cerin\u021be \u0219i materiale. Etan\u0219an\u021bii trebuie ale\u0219i \u00een func\u021bie de fiabilitate \u0219i calitate pe termen lung. Adezivile nu trebuie s\u0103 prezinte scurgeri nici \u00een cele mai severe condi\u021bii de vibra\u021bii, atacuri chimice, c\u0103ldur\u0103 sau v\u00eerfuri de presiune. Substraturile care trebuie etan\u0219ate reprezint\u0103 criteriul cheie la alegerea unui etan\u0219ant de filete. Avantajele etan\u0219an\u021bilor de filete LOXEAL comparativ cu tipurile de etan\u0219an\u021bi tradi\u021bionali:<\/p>\n<p>-Produse monocomponente au aplicare curat\u0103 \u0219i u\u0219oar\u0103.<\/p>\n<p>-Nu se deformeaz\u0103, nu se \u00eencre\u021besc \u0219i nu blocheaz\u0103 sistemele.<\/p>\n<p>-Se pot utiliza la racorduri de \u021bevi de orice dimensiuni.<\/p>\n<p>-\u00cenlocuiesc toate tipurile de benzi \u0219i etan\u0219an\u021bi pe baz\u0103 de c\u00eel\u021bi\/past\u0103.<\/p>\n<p>-Etan\u0219antul rezist\u0103 la efectele vibra\u021biilor \u0219i \u0219ocurilor.\u00a058-11 Asigurare medie aprobate la gaz, apa potabila si oxigen,cu diametrul 2\u201d ,distanta maxima 0,30 mm , Interval temperatura de lucru: \u00eentre -50\u00b0 C +150\u00b0 C.<\/p>\n<\/div>\n","protected":false},"excerpt":{"rendered":"<p>Despre produs Etan\u0219antul de filete LOXEAL umple spa\u021biul dintre piesele filetate \u0219i asigur\u0103 etan\u0219are rapid\u0103, la presiune joas\u0103. Dup\u0103 ce s-a \u00eent\u0103rit complet, produsul etan\u0219eaz\u0103 p\u00een\u0103 la rezisten\u021ba de plesnire a majorit\u0103\u021bii sistemelor de \u021bevi. Dac\u0103 ave\u021bi nevoie de produse profesionale pentru etan\u0219area \u021bevilor, fitingurilor \u0219i altor ansambluri filetate, portofoliul LOXEAL v\u0103 ofer\u0103 solu\u021bia optim\u0103 [&hellip;]<\/p>\n","protected":false},"featured_media":529,"comment_status":"open","ping_status":"closed","template":"","meta":{"site-container-style":"default","site-container-layout":"default","site-sidebar-layout":"default","disable-article-header":"default","disable-site-header":"default","disable-site-footer":"default","disable-content-area-spacing":"default"},"product_brand":[],"product_cat":[27],"product_tag":[],"class_list":{"0":"post-528","1":"product","2":"type-product","3":"status-publish","4":"has-post-thumbnail","6":"product_cat-accesorii-sisteme-de-incalzire","8":"first","9":"instock","10":"shipping-taxable","11":"purchasable","12":"product-type-simple"},"jetpack_sharing_enabled":true,"_links":{"self":[{"href":"https:\/\/casacalda.md\/index.php?rest_route=\/wp\/v2\/product\/528","targetHints":{"allow":["GET"]}}],"collection":[{"href":"https:\/\/casacalda.md\/index.php?rest_route=\/wp\/v2\/product"}],"about":[{"href":"https:\/\/casacalda.md\/index.php?rest_route=\/wp\/v2\/types\/product"}],"replies":[{"embeddable":true,"href":"https:\/\/casacalda.md\/index.php?rest_route=%2Fwp%2Fv2%2Fcomments&post=528"}],"wp:featuredmedia":[{"embeddable":true,"href":"https:\/\/casacalda.md\/index.php?rest_route=\/wp\/v2\/media\/529"}],"wp:attachment":[{"href":"https:\/\/casacalda.md\/index.php?rest_route=%2Fwp%2Fv2%2Fmedia&parent=528"}],"wp:term":[{"taxonomy":"product_brand","embeddable":true,"href":"https:\/\/casacalda.md\/index.php?rest_route=%2Fwp%2Fv2%2Fproduct_brand&post=528"},{"taxonomy":"product_cat","embeddable":true,"href":"https:\/\/casacalda.md\/index.php?rest_route=%2Fwp%2Fv2%2Fproduct_cat&post=528"},{"taxonomy":"product_tag","embeddable":true,"href":"https:\/\/casacalda.md\/index.php?rest_route=%2Fwp%2Fv2%2Fproduct_tag&post=528"}],"curies":[{"name":"wp","href":"https:\/\/api.w.org\/{rel}","templated":true}]}}