{"id":565,"date":"2026-01-12T18:33:15","date_gmt":"2026-01-12T15:33:15","guid":{"rendered":"https:\/\/casacalda.md\/?post_type=product&#038;p=565"},"modified":"2026-01-12T18:33:15","modified_gmt":"2026-01-12T15:33:15","slug":"boilere-pentru-sisteme-cu-termopompe-sunsystem-swpn-cu-o-serpentina","status":"publish","type":"product","link":"https:\/\/casacalda.md\/?product=boilere-pentru-sisteme-cu-termopompe-sunsystem-swpn-cu-o-serpentina","title":{"rendered":"Boilere pentru sisteme cu termopompe SUNSYSTEM SWPN \u2013 cu o serpentin\u0103"},"content":{"rendered":"<p>O suprafa\u021b\u0103 de schimb termic \u0219i mai mare a serpentinei. Foarte potrivit pentru conectarea la sisteme solare, de \u00eenc\u0103lzire \u0219i sisteme cu pompe de c\u0103ldur\u0103 cu mul\u021bi consumatori. Set op\u021bional pentru \u00eenc\u0103lzire electric\u0103.<\/p>\n<div class=\"et_pb_row_inner et_pb_row_inner_3\">\n<div class=\"et_pb_column et_pb_column_3_8 et_pb_column_inner et_pb_column_inner_4\">\n<div class=\"et_pb_module et_pb_text et_pb_text_3 pg-title ul-list-icon et_pb_text_align_left et_pb_bg_layout_light\">\n<div class=\"et_pb_text_inner\">\n<h2>AVANTAJE:<\/h2>\n<ul>\n<li>Izolare de \u00eenalt\u0103 eficien\u021b\u0103 \u0219i carcas\u0103 exterioar\u0103 de PVC \u00een culoare RAL 9006.<\/li>\n<li>Montare multipozi\u021bie a senzorului de temperatura.<\/li>\n<li>Protec\u021bie complex\u0103 contra coroziunii, realizat\u0103 prin email de titaniu \u0219i anod de magneziu.<\/li>\n<li>Toate ie\u0219irile sunt cu filet interior.<\/li>\n<li>Montaj u\u0219or.<\/li>\n<li>Gura de vizitare.<\/li>\n<li>Eficien\u021b\u0103 ridicat\u0103 datorit\u0103 m\u0103ririi suprafe\u021bei serpentinei.<\/li>\n<li>Set op\u021bional pentru \u00eenc\u0103lzire electric\u0103 cu o putere nominal\u0103 de 3kW; 4.5kW; 6kW sau 7.5kW<\/li>\n<li>Kit SK trebuie s\u0103 fie ordine separat\u0103. Kit SK nu este inclus \u00een pre\u021b pentru rezervor de ap\u0103.<\/li>\n<\/ul>\n<\/div>\n<\/div>\n<\/div>\n<div class=\"et_pb_column et_pb_column_3_8 et_pb_column_inner et_pb_column_inner_5 et-last-child\">\n<div class=\"et_pb_module et_pb_text et_pb_text_4 pg-title ul-list-icon et_pb_text_align_left et_pb_bg_layout_light\">\n<div class=\"et_pb_text_inner\">\n<h2>MODALITATI DE EXECUTARE, LITRI:<\/h2>\n<ul>\n<li>150, 200, 300, 400, 500<\/li>\n<\/ul>\n<\/div>\n<\/div>\n<div class=\"et_pb_module et_pb_text et_pb_text_5 pg-title ul-list-icon et_pb_text_align_left et_pb_bg_layout_light\">\n<div class=\"et_pb_text_inner\">\n<h2>EFICIEN\u021a\u0102 ENERGETIC\u0102<\/h2>\n<ul>\n<li>Directiva 2010\/30 \/ UE, Regulamentul 812\/2013:<\/li>\n<li>Clasa C<\/li>\n<\/ul>\n<\/div>\n<\/div>\n<div class=\"et_pb_module et_pb_image et_pb_image_1\"><span class=\"et_pb_image_wrap \"><img loading=\"lazy\" decoding=\"async\" class=\"wp-image-855 lazyloaded\" title=\"\" src=\"https:\/\/burnit.bg\/wp-content\/uploads\/2016\/08\/Energy-Efficiency-MB-BB.jpg\" alt=\"\" width=\"250\" height=\"227\" data-src=\"https:\/\/burnit.bg\/wp-content\/uploads\/2016\/08\/Energy-Efficiency-MB-BB.jpg\" \/><\/span><\/div>\n<\/div>\n<\/div>\n<div class=\"et_pb_row_inner et_pb_row_inner_4\">\n<div class=\"et_pb_column et_pb_column_3_8 et_pb_column_inner et_pb_column_inner_6\">\n<div class=\"et_pb_module et_pb_text et_pb_text_6 pg-title ul-list-icon et_pb_text_align_left et_pb_bg_layout_light\">\n<div class=\"et_pb_text_inner\">\n<h2>ELEMENTE:<\/h2>\n<p><strong>1<\/strong>\u00a0\u2013 C\u0103ptu\u0219eal\u0103 estetic\u0103 PVC \u00een culoare RAL 9006<br \/>\n<strong>2<\/strong>\u00a0\u2013 Termoizola\u021bia eficient\u0103<br \/>\n<strong>3<\/strong>\u00a0\u2013 Anod de magneziu (DIN 4753-6)<br \/>\n<strong>4<\/strong>\u00a0\u2013 Termometru<br \/>\n<strong>5<\/strong>\u00a0\u2013 Rezervor de ap\u0103, realizat din o\u021bel<br \/>\n<strong>6<\/strong>\u00a0\u2013 Email de titan (DIN 4753-3)<br \/>\n<strong>7<\/strong>\u00a0\u2013 \u00cenc\u0103lzitor electric<br \/>\n<strong>8<\/strong>\u00a0\u2013 Gura de vizitare cu flan\u0219\u0103<br \/>\n<strong>9<\/strong>\u00a0\u2013 Termostat cu protec\u021bie termic\u0103 \u00eencorporat\u0103<br \/>\n<strong>10<\/strong>\u00a0\u2013 Supapa de siguran\u021b\u0103, 8 bar<br \/>\n<strong>11<\/strong>\u00a0\u2013 Serpentin\u0103 cu eficien\u021b\u0103 ridicat\u0103, ridicat\u0103 S1<\/p>\n<\/div>\n<\/div>\n<\/div>\n<div class=\"et_pb_column et_pb_column_3_8 et_pb_column_inner et_pb_column_inner_7 et-last-child\">\n<div class=\"et_pb_module et_pb_image et_pb_image_2\"><span class=\"et_pb_image_wrap \"><img loading=\"lazy\" decoding=\"async\" class=\"wp-image-971 lazyloaded\" title=\"\" src=\"https:\/\/burnit.bg\/wp-content\/uploads\/2016\/08\/water-heater-SWPN_open.jpg\" sizes=\"auto, (max-width: 400px) 100vw, 400px\" srcset=\"https:\/\/burnit.bg\/wp-content\/uploads\/2016\/08\/water-heater-SWPN_open.jpg 400w, https:\/\/burnit.bg\/wp-content\/uploads\/2016\/08\/water-heater-SWPN_open-296x300.jpg 296w\" alt=\"\" width=\"400\" height=\"405\" data-src=\"https:\/\/burnit.bg\/wp-content\/uploads\/2016\/08\/water-heater-SWPN_open.jpg\" data-srcset=\"https:\/\/burnit.bg\/wp-content\/uploads\/2016\/08\/water-heater-SWPN_open.jpg 400w, https:\/\/burnit.bg\/wp-content\/uploads\/2016\/08\/water-heater-SWPN_open-296x300.jpg 296w\" data-sizes=\"(max-width: 400px) 100vw, 400px\" \/><\/span><\/div>\n<\/div>\n<\/div>\n<div class=\"et_pb_row_inner et_pb_row_inner_5\">\n<div class=\"et_pb_column et_pb_column_4_4 et_pb_column_inner et_pb_column_inner_8 et-last-child\">\n<div class=\"et_pb_module et_pb_text et_pb_text_7 pg-title ul-list-icon et_pb_text_align_left et_pb_bg_layout_light\">\n<div class=\"et_pb_text_inner\">\n<h2>SPECIFICATII TEHNICE<\/h2>\n<p>&nbsp;<\/p>\n<\/div>\n<\/div>\n<div class=\"et_pb_module et_pb_image et_pb_image_3\"><span class=\"et_pb_image_wrap \"><img loading=\"lazy\" decoding=\"async\" class=\"wp-image-972 lazyloaded\" title=\"\" src=\"https:\/\/burnit.bg\/wp-content\/uploads\/2016\/08\/water-heater-SWPN_charts.jpg\" sizes=\"auto, (max-width: 500px) 100vw, 500px\" srcset=\"https:\/\/burnit.bg\/wp-content\/uploads\/2016\/08\/water-heater-SWPN_charts.jpg 500w, https:\/\/burnit.bg\/wp-content\/uploads\/2016\/08\/water-heater-SWPN_charts-300x262.jpg 300w\" alt=\"\" width=\"500\" height=\"436\" data-src=\"https:\/\/burnit.bg\/wp-content\/uploads\/2016\/08\/water-heater-SWPN_charts.jpg\" data-srcset=\"https:\/\/burnit.bg\/wp-content\/uploads\/2016\/08\/water-heater-SWPN_charts.jpg 500w, https:\/\/burnit.bg\/wp-content\/uploads\/2016\/08\/water-heater-SWPN_charts-300x262.jpg 300w\" data-sizes=\"(max-width: 500px) 100vw, 500px\" \/><\/span><\/div>\n<div class=\"et_pb_module et_pb_text et_pb_text_8 table-razmeri et_pb_text_align_left et_pb_bg_layout_light\">\n<div class=\"et_pb_text_inner\">\n<table>\n<tbody>\n<tr>\n<th colspan=\"3\" width=\"283\"><\/th>\n<th width=\"105\"><strong>SWPN<br \/>\n150<\/strong><\/th>\n<th width=\"105\"><strong>SWPN<br \/>\n200<\/strong><\/th>\n<th width=\"105\"><strong>SWPN<br \/>\n300<\/strong><\/th>\n<th width=\"105\"><strong>SWPN<br \/>\n400<\/strong><\/th>\n<th width=\"105\"><strong>SWPN<br \/>\n500<\/strong><\/th>\n<\/tr>\n<tr>\n<td width=\"620\" height=\"17\"><\/td>\n<td width=\"274\">Volum<\/td>\n<td width=\"175\">L<\/td>\n<td width=\"182\">150<\/td>\n<td width=\"146\">200<\/td>\n<td width=\"140\">300<\/td>\n<td width=\"132\">400<\/td>\n<td width=\"141\">\u00a0500<\/td>\n<\/tr>\n<tr>\n<td height=\"17\"><\/td>\n<td>\u00cen\u0103l\u021bime H \/\u00cen\u0103l\u021bime de montare<\/td>\n<td>mm<\/td>\n<td>1070\/1210<\/td>\n<td>1340\/1460<\/td>\n<td>1420\/1580<\/td>\n<td>1470\/1670<\/td>\n<td>1720\/1890<\/td>\n<\/tr>\n<tr>\n<td height=\"17\"><\/td>\n<td>diametru D<\/td>\n<td>mm<\/td>\n<td>\u00f8 560<\/td>\n<td>\u00f8 560<\/td>\n<td>\u00f8 660<\/td>\n<td>\u00f8 750<\/td>\n<td>\u00f8 750<\/td>\n<\/tr>\n<tr>\n<td height=\"17\"><\/td>\n<td>Presiune de lucru \/ temperature maximala<\/td>\n<td>bar\/\u00b0C<\/td>\n<td>10\/95<\/td>\n<td>10\/95<\/td>\n<td>10\/95<\/td>\n<td>10\/95<\/td>\n<td>10\/95<\/td>\n<\/tr>\n<tr>\n<td height=\"17\"><\/td>\n<td>Presiunea de incercare a boilerului<\/td>\n<td>bar<\/td>\n<td>15<\/td>\n<td>15<\/td>\n<td>15<\/td>\n<td>15<\/td>\n<td>15<\/td>\n<\/tr>\n<tr>\n<td rowspan=\"5\" height=\"130\">Serpentin\u0103 inferioar\u0103 S1<\/td>\n<td>Suprafa\u021ba de schimb term ic<\/td>\n<td>m2<\/td>\n<td>1.4<\/td>\n<td>1.9<\/td>\n<td>2.3<\/td>\n<td>2.8<\/td>\n<td>3.3<\/td>\n<\/tr>\n<tr>\n<td>Volumul serpentinei<\/td>\n<td>L<\/td>\n<td>8.6<\/td>\n<td>11.7<\/td>\n<td>14.8<\/td>\n<td>17.2<\/td>\n<td>20<\/td>\n<\/tr>\n<tr>\n<td>Putere continua conform<br \/>\nDIN 4708; 80\/60\/45 \u00b0C<\/td>\n<td>kW<br \/>\nm3 \/h<\/td>\n<td>40.4<br \/>\n0.99<\/td>\n<td>51<br \/>\n1.25<\/td>\n<td>62<br \/>\n1.52<\/td>\n<td>75<br \/>\n1.84<\/td>\n<td>84<br \/>\n2.06<\/td>\n<\/tr>\n<tr>\n<td>NL \u2013 coefficient de putere la 60\u00b0C<\/td>\n<td><\/td>\n<td>6<\/td>\n<td>8<\/td>\n<td>20<\/td>\n<td>27<\/td>\n<td>34<\/td>\n<\/tr>\n<tr>\n<td>Pierdere de presiune \u0394p<\/td>\n<td>mbar<\/td>\n<td>120<\/td>\n<td>150<\/td>\n<td>400<\/td>\n<td>600<\/td>\n<td>710<\/td>\n<\/tr>\n<tr>\n<td height=\"62\"><\/td>\n<td>Presiune de lucru \/<br \/>\nTemperatura maxim\u0103 serpentin\u0103<\/td>\n<td>bar\/\u00b0C<\/td>\n<td>16\/110<\/td>\n<td>16\/110<\/td>\n<td>16\/110<\/td>\n<td>16\/110<\/td>\n<td>16\/110<\/td>\n<\/tr>\n<tr>\n<td height=\"17\"><\/td>\n<td>Pierdere de presiune<\/td>\n<td>bar<\/td>\n<td>25<\/td>\n<td>25<\/td>\n<td>25<\/td>\n<td>25<\/td>\n<td>25<\/td>\n<\/tr>\n<tr>\n<td height=\"17\"><\/td>\n<td>Termometru<\/td>\n<td><\/td>\n<td>op\u0163iune<\/td>\n<td>op\u0163iune<\/td>\n<td>op\u0163iune<\/td>\n<td>op\u0163iune<\/td>\n<td>op\u0163iune<\/td>\n<\/tr>\n<tr>\n<td height=\"19\"><\/td>\n<td>Protector de anod<\/td>\n<td><\/td>\n<td>\u2713<\/td>\n<td>\u2713<\/td>\n<td>\u2713<\/td>\n<td>\u2713<\/td>\n<td>\u2713<\/td>\n<\/tr>\n<tr>\n<td height=\"17\"><\/td>\n<td>Rezistenta electrica (op\u0163iune)<\/td>\n<td>kW<\/td>\n<td>3\/4.5\/6<\/td>\n<td>3\/4.5\/6<\/td>\n<td>3\/4.5\/6<\/td>\n<td>3\/4.5\/6\/7.5<\/td>\n<td>3\/4.5\/6\/7.5<\/td>\n<\/tr>\n<tr>\n<td height=\"17\"><\/td>\n<td>Greutate<\/td>\n<td>kg<\/td>\n<td>70<\/td>\n<td>90<\/td>\n<td>121<\/td>\n<td>165<\/td>\n<td>190<\/td>\n<\/tr>\n<tr>\n<td height=\"17\"><\/td>\n<td>Iesire serpentina S1<\/td>\n<td>A, mm<\/td>\n<td>G1\u2033\/182<\/td>\n<td>G1\u2033\/182<\/td>\n<td>G1\u2033\/215<\/td>\n<td>G1\u2033\/270<\/td>\n<td>G1\u2033\/270<\/td>\n<\/tr>\n<tr>\n<td height=\"17\"><\/td>\n<td>Intrare ap\u0103 rece<\/td>\n<td>B, mm<\/td>\n<td>G1\u2033\/182<\/td>\n<td>G1\u2033\/182<\/td>\n<td>G1\u2033\/215<\/td>\n<td>G1\u00bc\u201c\/270<\/td>\n<td>G1\u00bd\u201c\/270<\/td>\n<\/tr>\n<tr>\n<td height=\"17\"><\/td>\n<td>Intrare serpentina S1<\/td>\n<td>C, mm<\/td>\n<td>G1\u2033\/872<\/td>\n<td>G1\u2033\/1122<\/td>\n<td>G1\u2033\/1155<\/td>\n<td>G1\u2033\/1210<\/td>\n<td>G1\u2033\/1350<\/td>\n<\/tr>\n<tr>\n<td height=\"17\"><\/td>\n<td>Iesire serpentina S2<\/td>\n<td>E, mm<\/td>\n<td><\/td>\n<td><\/td>\n<td><\/td>\n<td><\/td>\n<td><\/td>\n<\/tr>\n<tr>\n<td height=\"17\"><\/td>\n<td>Termoregulator<\/td>\n<td>G, mm<\/td>\n<td>G\u00bd\u201c\/697<\/td>\n<td>G\u00bd\u201c\/967<\/td>\n<td>G\u00bd\u201c\/1054<\/td>\n<td>G\u00bd\u201c\/1054<\/td>\n<td>G\u00bd\u201c\/1206<\/td>\n<\/tr>\n<tr>\n<td height=\"17\"><\/td>\n<td>Recirculatie<\/td>\n<td>R, mm<\/td>\n<td>G\u00be\u201c\/652<\/td>\n<td>G\u00be\u201c\/922<\/td>\n<td>G\u00be\u201c\/1007<\/td>\n<td>G1\u2033\/1105<\/td>\n<td>G1\u2033\/1206<\/td>\n<\/tr>\n<tr>\n<td height=\"17\"><\/td>\n<td>Intrare serpentina S2<\/td>\n<td>I, mm<\/td>\n<td><\/td>\n<td><\/td>\n<td><\/td>\n<td><\/td>\n<td><\/td>\n<\/tr>\n<tr>\n<td height=\"17\"><\/td>\n<td>Ie\u0219ire ap\u0103 cald\u0103<\/td>\n<td>K, mm<\/td>\n<td>G1\u2033\/895<\/td>\n<td>G1\u2033\/1160<\/td>\n<td>G1\u2033\/1182<\/td>\n<td>G1\u00bc\u201c\/1240<\/td>\n<td>G1\u00bd\u201c\/1453<\/td>\n<\/tr>\n<tr>\n<td height=\"17\"><\/td>\n<td>Dezaerare<\/td>\n<td>F, mm<\/td>\n<td>G1\u2033\/1070<\/td>\n<td>G1\u2033\/1340<\/td>\n<td>G1\u2033\/1410<\/td>\n<td>G1\u2033\/1460<\/td>\n<td>G1\u2033\/1710<\/td>\n<\/tr>\n<tr>\n<td height=\"32\"><\/td>\n<td>U\u015f\u0103 de revizie\/flan\u0219\u0103<\/td>\n<td>O, \u00f8<br \/>\nmm<\/td>\n<td>110\/180<br \/>\n309<\/td>\n<td>110\/180<br \/>\n309<\/td>\n<td>110\/180<br \/>\n320<\/td>\n<td>110\/180<br \/>\n450<\/td>\n<td>110\/180<br \/>\n450<\/td>\n<\/tr>\n<tr>\n<td height=\"17\"><\/td>\n<td>Scurgere<\/td>\n<td>Y, mm<\/td>\n<td>G1\u2033\/30<\/td>\n<td>G1\u2033\/30<\/td>\n<td>G1\u2033\/30<\/td>\n<td>G1\u2033\/30<\/td>\n<td>G1\u2033\/30<\/td>\n<\/tr>\n<tr>\n<td height=\"17\"><\/td>\n<td>Protector de anod<\/td>\n<td>P, mm<\/td>\n<td>G1\u00bc\u201c\/1070<\/td>\n<td>G1\u00bc\u201c\/1340<\/td>\n<td>G1\u00bc\u201c\/1410<\/td>\n<td>G1\u00bc\u201c\/1318<\/td>\n<td>G1\u00bc\u201c\/1568<\/td>\n<\/tr>\n<tr>\n<td height=\"17\"><\/td>\n<td>\u00eenc\u0103lzitor electric (op\u0163iune)<\/td>\n<td>U, mm<\/td>\n<td>G1\u00bd\u201c\/309<\/td>\n<td>G1\u00bd\u201c\/309<\/td>\n<td>G1\u00bd\u201c\/320<\/td>\n<td>G1\u00bd\u201c\/450<\/td>\n<td>G1\u00bd\u201c\/450<\/td>\n<\/tr>\n<tr>\n<td height=\"32\"><\/td>\n<td>Priz\u0103 pentru senzor suplimentar<\/td>\n<td>Z, mm<\/td>\n<td>G\u00bd\u201c\/410<br \/>\nG\u00bd\u201c\/868<\/td>\n<td>G\u00bd\u201c\/410<br \/>\nG\u00bd\u201c\/11380<\/td>\n<td>G\u00bd\u201c\/430<br \/>\nG\u00bd\u201c\/1170<\/td>\n<td>G\u00bd\u201c\/560<br \/>\nG\u00bd\u201c\/1152<\/td>\n<td>G\u00bd\u201c\/560<br \/>\nG\u00bd\u201c\/1453<\/td>\n<\/tr>\n<\/tbody>\n<\/table>\n<\/div>\n<\/div>\n<\/div>\n<\/div>\n","protected":false},"excerpt":{"rendered":"<p>O suprafa\u021b\u0103 de schimb termic \u0219i mai mare a serpentinei. Foarte potrivit pentru conectarea la sisteme solare, de \u00eenc\u0103lzire \u0219i sisteme cu pompe de c\u0103ldur\u0103 cu mul\u021bi consumatori. Set op\u021bional pentru \u00eenc\u0103lzire electric\u0103. AVANTAJE: Izolare de \u00eenalt\u0103 eficien\u021b\u0103 \u0219i carcas\u0103 exterioar\u0103 de PVC \u00een culoare RAL 9006. Montare multipozi\u021bie a senzorului de temperatura. Protec\u021bie complex\u0103 [&hellip;]<\/p>\n","protected":false},"featured_media":566,"comment_status":"open","ping_status":"closed","template":"","meta":{"site-container-style":"default","site-container-layout":"default","site-sidebar-layout":"default","disable-article-header":"default","disable-site-header":"default","disable-site-footer":"default","disable-content-area-spacing":"default"},"product_brand":[],"product_cat":[25,19],"product_tag":[117,116],"class_list":{"0":"post-565","1":"product","2":"type-product","3":"status-publish","4":"has-post-thumbnail","6":"product_cat-pompe-de-caldura","7":"product_cat-produse-fara-categorie","8":"product_tag-boiler-200","9":"product_tag-boiler-pompa-de-caldura","11":"first","12":"instock","13":"sale","14":"shipping-taxable","15":"purchasable","16":"product-type-simple"},"jetpack_sharing_enabled":true,"_links":{"self":[{"href":"https:\/\/casacalda.md\/index.php?rest_route=\/wp\/v2\/product\/565","targetHints":{"allow":["GET"]}}],"collection":[{"href":"https:\/\/casacalda.md\/index.php?rest_route=\/wp\/v2\/product"}],"about":[{"href":"https:\/\/casacalda.md\/index.php?rest_route=\/wp\/v2\/types\/product"}],"replies":[{"embeddable":true,"href":"https:\/\/casacalda.md\/index.php?rest_route=%2Fwp%2Fv2%2Fcomments&post=565"}],"wp:featuredmedia":[{"embeddable":true,"href":"https:\/\/casacalda.md\/index.php?rest_route=\/wp\/v2\/media\/566"}],"wp:attachment":[{"href":"https:\/\/casacalda.md\/index.php?rest_route=%2Fwp%2Fv2%2Fmedia&parent=565"}],"wp:term":[{"taxonomy":"product_brand","embeddable":true,"href":"https:\/\/casacalda.md\/index.php?rest_route=%2Fwp%2Fv2%2Fproduct_brand&post=565"},{"taxonomy":"product_cat","embeddable":true,"href":"https:\/\/casacalda.md\/index.php?rest_route=%2Fwp%2Fv2%2Fproduct_cat&post=565"},{"taxonomy":"product_tag","embeddable":true,"href":"https:\/\/casacalda.md\/index.php?rest_route=%2Fwp%2Fv2%2Fproduct_tag&post=565"}],"curies":[{"name":"wp","href":"https:\/\/api.w.org\/{rel}","templated":true}]}}