{"id":583,"date":"2026-02-24T05:32:49","date_gmt":"2026-02-24T02:32:49","guid":{"rendered":"https:\/\/casacalda.md\/?post_type=product&#038;p=583"},"modified":"2026-02-24T06:35:41","modified_gmt":"2026-02-24T03:35:41","slug":"set-de-amestec-podele-calde-rehau-flex-pompa-hkv","status":"publish","type":"product","link":"https:\/\/casacalda.md\/?product=set-de-amestec-podele-calde-rehau-flex-pompa-hkv","title":{"rendered":"Set de amestec podele calde REHAU Flex + pompa HKV"},"content":{"rendered":"<p>Propriet\u0103\u021bi:<br \/>\n&#8211; cu ventil KVS 3,5 m\u00b3\/h pentru amestec pe partea de agent primar.<br \/>\n&#8211; ventil cu cap termostatat reglabil p\u00e2n\u0103 la 55\u00b0 C pe tur.<br \/>\n&#8211; ventil de preaplin pe retur, cu prevenirea refluxului.<br \/>\n&#8211; pomp\u0103 de mare eficien\u021b\u0103, controlat\u0103 electronic, cablat\u0103 cu limitator de temperatur\u0103 de siguran\u021b\u0103, reglabil.<br \/>\n&#8211; \u00een\u0103l\u021bime de pompare: max. 6 m.<br \/>\nMaterial:<br \/>\n&#8211; alam\u0103 nichelat\u0103.<br \/>\nIndica\u021bie:<br \/>\n&#8211; instalarea setului de reglare FLEX P \u00een dulapul UP 110 \u0219i AP 130 cu o \u0219in\u0103 profil C disponibil\u0103 separat 12176901001 (UP 110) \/ 12176911001 (AP 130) \u0219i piuli\u021be fluture (12176961001).<br \/>\n&#8211; setul de reglare FLEX P nu poate fi combinat cu setul de montaj al contorului de c\u0103ldur\u0103 din polimer pentru distribuitorul de \u00eenc\u0103lzire RAUTHERM SPEED HKV-D Polimer.<\/p>\n","protected":false},"excerpt":{"rendered":"<p>Propriet\u0103\u021bi: &#8211; cu ventil KVS 3,5 m\u00b3\/h pentru amestec pe partea de agent primar. &#8211; ventil cu cap termostatat reglabil p\u00e2n\u0103 la 55\u00b0 C pe tur. &#8211; ventil de preaplin pe retur, cu prevenirea refluxului. &#8211; pomp\u0103 de mare eficien\u021b\u0103, controlat\u0103 electronic, cablat\u0103 cu limitator de temperatur\u0103 de siguran\u021b\u0103, reglabil. &#8211; \u00een\u0103l\u021bime de pompare: max. [&hellip;]<\/p>\n","protected":false},"featured_media":584,"comment_status":"open","ping_status":"closed","template":"","meta":{"site-container-style":"default","site-container-layout":"default","site-sidebar-layout":"default","disable-article-header":"default","disable-site-header":"default","disable-site-footer":"default","disable-content-area-spacing":"default"},"product_brand":[128],"product_cat":[27],"product_tag":[101],"class_list":{"0":"post-583","1":"product","2":"type-product","3":"status-publish","4":"has-post-thumbnail","6":"product_brand-rehau","7":"product_cat-accesorii-sisteme-de-incalzire","8":"product_tag-rehau","10":"first","11":"instock","12":"shipping-taxable","13":"purchasable","14":"product-type-simple"},"jetpack_sharing_enabled":true,"_links":{"self":[{"href":"https:\/\/casacalda.md\/index.php?rest_route=\/wp\/v2\/product\/583","targetHints":{"allow":["GET"]}}],"collection":[{"href":"https:\/\/casacalda.md\/index.php?rest_route=\/wp\/v2\/product"}],"about":[{"href":"https:\/\/casacalda.md\/index.php?rest_route=\/wp\/v2\/types\/product"}],"replies":[{"embeddable":true,"href":"https:\/\/casacalda.md\/index.php?rest_route=%2Fwp%2Fv2%2Fcomments&post=583"}],"wp:featuredmedia":[{"embeddable":true,"href":"https:\/\/casacalda.md\/index.php?rest_route=\/wp\/v2\/media\/584"}],"wp:attachment":[{"href":"https:\/\/casacalda.md\/index.php?rest_route=%2Fwp%2Fv2%2Fmedia&parent=583"}],"wp:term":[{"taxonomy":"product_brand","embeddable":true,"href":"https:\/\/casacalda.md\/index.php?rest_route=%2Fwp%2Fv2%2Fproduct_brand&post=583"},{"taxonomy":"product_cat","embeddable":true,"href":"https:\/\/casacalda.md\/index.php?rest_route=%2Fwp%2Fv2%2Fproduct_cat&post=583"},{"taxonomy":"product_tag","embeddable":true,"href":"https:\/\/casacalda.md\/index.php?rest_route=%2Fwp%2Fv2%2Fproduct_tag&post=583"}],"curies":[{"name":"wp","href":"https:\/\/api.w.org\/{rel}","templated":true}]}}