{"id":585,"date":"2026-02-24T05:37:03","date_gmt":"2026-02-24T02:37:03","guid":{"rendered":"https:\/\/casacalda.md\/?post_type=product&#038;p=585"},"modified":"2026-02-24T06:37:15","modified_gmt":"2026-02-24T03:37:15","slug":"placa-cu-nuturi-rehau-varionova-40-1400x800x20mm-112-m2","status":"publish","type":"product","link":"https:\/\/casacalda.md\/?product=placa-cu-nuturi-rehau-varionova-40-1400x800x20mm-112-m2","title":{"rendered":"Placa cu nuturi REHAU Varionova 40 1400x800x20mm (1,12 m2)"},"content":{"rendered":"<p>Sistemul de plac\u0103 cu nuturi Varionova Silver ofer\u0103 un grad \u00eenalt de flexibilitate \u015fi este astfel potrivit pentru numeroase instala\u021bii datorit\u0103 fix\u0103rii excelente a \u021bevilor \u0219i datorit\u0103 propriet\u0103\u021bilor izolatoare.<\/p>\n<div class=\"row\">\n<div class=\"col-md-6 col-12\">\n<p>Singurul produs care asigur\u0103:<\/p>\n<ul>\n<li>Izola\u021bie superioar\u0103 cu grafit.<\/li>\n<li>La aceea\u0219i grosime, o izola\u021bie cu 40% mai bun\u0103.<\/li>\n<li>Polistiren estrudat Neopor, ce este de p\u00e2n\u0103 la 3,5 ori mai dens fa\u021b\u0103 de alte sisteme.<\/li>\n<\/ul>\n<p>Componen\u021ba sistemului:<\/p>\n<ul>\n<li>\u021aeava RAUTHERM. \u021aeava RAUTHERM S sau Speed este utilizat\u0103 pentru sisteme de \u00eenc\u0103lzire \u0219i r\u0103cire radiant\u0103, fiind realizat\u0103 din polietilen\u0103 reticulat\u0103 PE-Xa, cu un strat superior de PE \u00eempotriva difuziei de oxigen.<\/li>\n<li>Placa Varionova Silver. Cu tehnica nut-feder de conectare a pl\u0103cilor, se creeaz\u0103 o barier\u0103 la umiditate, iar pl\u0103cile stau ferm conectate \u00eentre ele. Solu\u021bia este potrivit\u0103 pentru cele mai diverse utiliz\u0103ri \u0219i ofer\u0103 o gam\u0103 larg\u0103 de detalii pentru proiectare \u0219i utilizare zilnic\u0103 pe \u0219antier.<\/li>\n<\/ul>\n<p>Plac\u0103 cu nuturi Varionova<\/p>\n<p>Utilizare: sistem de pozare pentru \u00eenc\u0103lzire\/ r\u0103cire \u00een suprafe\u021be din tipul de construc\u021bie A, conform DIN 18560 \u0219i DIN EN 13813<\/p>\n<p>Certific\u0103ri:<\/p>\n<ul>\n<li>clasa de materiale de construc\u021bie: B2 conform DIN 4102<\/li>\n<li>comportamentul la foc: clasa E conform DIN EN 13501-1<\/li>\n<li>marcaj CE<\/li>\n<\/ul>\n<\/div>\n<div class=\"col-md-6 col-12\">\n<p><img decoding=\"async\" class=\"img-fluid\" src=\"https:\/\/www.rehau.com\/resource\/image\/785400\/7x5\/600\/428\/e711584feee75453ff230f41335d3fb0\/D6D138F84F163A9A36741914FC03F1E5\/bau-d1460-cl-17088293.jpg\" alt=\"BAU-D1460_CL - 17088293\" \/><\/p>\n<\/div>\n<div class=\"col-12\">\n<p>Propriet\u0103\u021bi:<\/p>\n<ul>\n<li>polistiren expandat la partea inferioar\u0103 conform EN 13163<\/li>\n<li>folie din polistiren la partea superioar\u0103<\/li>\n<li>tehnologie de \u00eembinare etan\u0219\u0103, autonivelant\u0103, a pl\u0103cilor, prin suprapunerea foliei cu nuturi<\/li>\n<li>dimensiuni plac\u0103: 1.450 x 850 mm<\/li>\n<li>dimensiuni utile plac\u0103: 1.400 x 800 mm \/ suprafa\u021b\u0103: 1,12 m\u00b2 pe plac\u0103<\/li>\n<li>pentru \u021bevi RAUTHERM SPEED 14 x 1,5 mm \u0219i 16 x 1,5 mm<\/li>\n<li>pentru \u021bevi RAUTHERM S 17 x 2,0 mm<\/li>\n<li>pentru \u021bevi RAUTITAN flex 16 x 2,2 mm \u0219i RAUTITAN stabil 16,2 x 2,6 mm<\/li>\n<li>pentru \u021bevi RAUTHERM ML 16 x 2,0 mm<\/li>\n<\/ul>\n<p>Culoare folie: neagr\u0103<\/p>\n<p>Plac\u0103 REHAU cu nuturi Varionova cu izola\u021bie de 20 mm \u0219i \u00een\u0103l\u021bime total\u0103 de 40 mm, pentru \u00eencalzire \u00een pardoseala este format\u0103 \u00een partea inferioar\u0103 din polistiren expandat, verificat\u0103 din punct de vedere al calit\u0103\u021bii, conform EN12163 \u0219i \u00een partea superioar\u0103 din folie termoformat\u0103, din polistirol.<\/p>\n<p>Caracteristici:<\/p>\n<ul>\n<li>\u00een\u0103l\u021bime total\u0103: 40 mm.<\/li>\n<li>\u00een\u0103l\u021bime de izolare : 20 mm.<\/li>\n<li>\u00een\u0103l\u021bime nuturi: 20 mm.<\/li>\n<li>sarcin\u0103 util\u0103: 5 kN\/mp.<\/li>\n<li>material folie termoformat\u0103 neagr\u0103 din polistirol \u0219i izola\u021bie din polistiren expandat.<\/li>\n<li>dimensiuni plac\u0103: 1400 x 800 mm.<\/li>\n<li>conductivitate termic\u0103: 0.035 W\/mK.<\/li>\n<li>rezisten\u021b\u0103 la transfer termic: 0.55 mpK\/W.<\/li>\n<li>unitate de ambalare: 15,68 mp.<\/li>\n<li>num\u0103r de placi \/ cutie: 14 bc.<\/li>\n<\/ul>\n<\/div>\n<\/div>\n","protected":false},"excerpt":{"rendered":"<p>Sistemul de plac\u0103 cu nuturi Varionova Silver ofer\u0103 un grad \u00eenalt de flexibilitate \u015fi este astfel potrivit pentru numeroase instala\u021bii datorit\u0103 fix\u0103rii excelente a \u021bevilor \u0219i datorit\u0103 propriet\u0103\u021bilor izolatoare. Singurul produs care asigur\u0103: Izola\u021bie superioar\u0103 cu grafit. La aceea\u0219i grosime, o izola\u021bie cu 40% mai bun\u0103. Polistiren estrudat Neopor, ce este de p\u00e2n\u0103 la 3,5 [&hellip;]<\/p>\n","protected":false},"featured_media":586,"comment_status":"open","ping_status":"closed","template":"","meta":{"site-container-style":"default","site-container-layout":"default","site-sidebar-layout":"default","disable-article-header":"default","disable-site-header":"default","disable-site-footer":"default","disable-content-area-spacing":"default"},"product_brand":[128],"product_cat":[27],"product_tag":[130,129,101],"class_list":{"0":"post-585","1":"product","2":"type-product","3":"status-publish","4":"has-post-thumbnail","6":"product_brand-rehau","7":"product_cat-accesorii-sisteme-de-incalzire","8":"product_tag-placa-cu-nuturi","9":"product_tag-placa-rehau","10":"product_tag-rehau","12":"first","13":"instock","14":"shipping-taxable","15":"purchasable","16":"product-type-simple"},"jetpack_sharing_enabled":true,"_links":{"self":[{"href":"https:\/\/casacalda.md\/index.php?rest_route=\/wp\/v2\/product\/585","targetHints":{"allow":["GET"]}}],"collection":[{"href":"https:\/\/casacalda.md\/index.php?rest_route=\/wp\/v2\/product"}],"about":[{"href":"https:\/\/casacalda.md\/index.php?rest_route=\/wp\/v2\/types\/product"}],"replies":[{"embeddable":true,"href":"https:\/\/casacalda.md\/index.php?rest_route=%2Fwp%2Fv2%2Fcomments&post=585"}],"wp:featuredmedia":[{"embeddable":true,"href":"https:\/\/casacalda.md\/index.php?rest_route=\/wp\/v2\/media\/586"}],"wp:attachment":[{"href":"https:\/\/casacalda.md\/index.php?rest_route=%2Fwp%2Fv2%2Fmedia&parent=585"}],"wp:term":[{"taxonomy":"product_brand","embeddable":true,"href":"https:\/\/casacalda.md\/index.php?rest_route=%2Fwp%2Fv2%2Fproduct_brand&post=585"},{"taxonomy":"product_cat","embeddable":true,"href":"https:\/\/casacalda.md\/index.php?rest_route=%2Fwp%2Fv2%2Fproduct_cat&post=585"},{"taxonomy":"product_tag","embeddable":true,"href":"https:\/\/casacalda.md\/index.php?rest_route=%2Fwp%2Fv2%2Fproduct_tag&post=585"}],"curies":[{"name":"wp","href":"https:\/\/api.w.org\/{rel}","templated":true}]}}