{"id":608,"date":"2026-05-07T15:58:27","date_gmt":"2026-05-07T12:58:27","guid":{"rendered":"https:\/\/casacalda.md\/?post_type=product&#038;p=608"},"modified":"2026-05-07T16:20:45","modified_gmt":"2026-05-07T13:20:45","slug":"aparat-de-aer-conditionat-split-lg-wz12awn-alb","status":"publish","type":"product","link":"https:\/\/casacalda.md\/?product=aparat-de-aer-conditionat-split-lg-wz12awn-alb","title":{"rendered":"Aparat de aer condi\u021bionat Split LG WZ12AWN Alb"},"content":{"rendered":"<section class=\"spec-card card\">\n<h3 class=\"typography fs-18-18-18 fs4 default fw600 spec-card__title\">Caracteristici de Baz\u0103<\/h3>\n<div class=\"spec-card__row\"><span class=\"spec-card__key typography color-secondary fs-14-14-14 fw400\">Tip aparat<\/span><span class=\"spec-card__value typography fs-14-14-14 fw500\">Aparat de aer condi\u021bionat Split<\/span><\/div>\n<div class=\"spec-card__row\"><span class=\"spec-card__key typography color-secondary fs-14-14-14 fw400\">Tipul bloculuii interior<\/span><span class=\"spec-card__value typography fs-14-14-14 fw500\">Se monteaz\u0103 pe perete<\/span><\/div>\n<div class=\"spec-card__row\"><span class=\"spec-card__key typography color-secondary fs-14-14-14 fw400\">Nuan\u021b\u0103 culoare<\/span><span class=\"spec-card__value typography fs-14-14-14 fw500\">Alb<\/span><\/div>\n<div class=\"spec-card__row\"><span class=\"spec-card__key typography color-secondary fs-14-14-14 fw400\">Functii climatizare<\/span><span class=\"spec-card__value typography fs-14-14-14 fw500\">\u00cenc\u0103lzire, R\u0103cire<\/span><\/div>\n<div class=\"spec-card__row\"><span class=\"spec-card__key typography color-secondary fs-14-14-14 fw400\">Suprafa\u0163a acoperit\u0103<\/span><span class=\"spec-card__value typography fs-14-14-14 fw500\">p\u00een\u0103 la 35 m\u00b2<\/span><\/div>\n<div class=\"spec-card__row\"><span class=\"spec-card__key typography color-secondary fs-14-14-14 fw400\">Agent frigorific<\/span><span class=\"spec-card__value typography fs-14-14-14 fw500\">R-32<\/span><\/div>\n<div class=\"spec-card__row\"><span class=\"spec-card__key typography color-secondary fs-14-14-14 fw400\">Culoare<\/span><span class=\"spec-card__value typography fs-14-14-14 fw500\">Alb<\/span><\/div>\n<div class=\"spec-card__row\"><span class=\"spec-card__key typography color-secondary fs-14-14-14 fw400\">Model<\/span><span class=\"spec-card__value typography fs-14-14-14 fw500\">WZ12AWN<\/span><\/div>\n<\/section>\n<p>&nbsp;<\/p>\n<section class=\"spec-card card\">\n<h3 class=\"typography fs-18-18-18 fs4 default fw600 spec-card__title\">Performan\u021b\u0103 \u0219i energie<\/h3>\n<div class=\"spec-card__row\"><span class=\"spec-card__key typography color-secondary fs-14-14-14 fw400\">Tehnologie Inverter<\/span><span class=\"spec-card__value typography fs-14-14-14 fw500\">Da<\/span><\/div>\n<div class=\"spec-card__row\"><span class=\"spec-card__key typography color-secondary fs-14-14-14 fw400\">Clasa de eficien\u021b\u0103 energetic\u0103<\/span><span class=\"spec-card__value typography fs-14-14-14 fw500\">A++<\/span><\/div>\n<div class=\"spec-card__row\"><span class=\"spec-card__key typography color-secondary fs-14-14-14 fw400\">Capacitate de r\u0103cire (kBTU\/h)<\/span><span class=\"spec-card__value typography fs-14-14-14 fw500\">12<\/span><\/div>\n<div class=\"spec-card__row\"><span class=\"spec-card__key typography color-secondary fs-14-14-14 fw400\">Capacitate r\u0103cire (kW)<\/span><span class=\"spec-card__value typography fs-14-14-14 fw500\">3.45<\/span><\/div>\n<div class=\"spec-card__row\"><span class=\"spec-card__key typography color-secondary fs-14-14-14 fw400\">Capacitate \u00eenc\u0103lzire (kW)<\/span><span class=\"spec-card__value typography fs-14-14-14 fw500\">3.5<\/span><\/div>\n<div class=\"spec-card__row\"><span class=\"spec-card__key typography color-secondary fs-14-14-14 fw400\">Nivel de zgomot maxim (dB)<\/span><span class=\"spec-card__value typography fs-14-14-14 fw500\">55<\/span><\/div>\n<\/section>\n<p>&nbsp;<\/p>\n<section class=\"spec-card card\">\n<h3 class=\"typography fs-18-18-18 fs4 default fw600 spec-card__title\">Moduri de gestionare \u0219i operare<\/h3>\n<div class=\"spec-card__row\"><span class=\"spec-card__key typography color-secondary fs-14-14-14 fw400\">Indica\u0163ie<\/span><span class=\"spec-card__value typography fs-14-14-14 fw500\">LED<\/span><\/div>\n<div class=\"spec-card__row\"><span class=\"spec-card__key typography color-secondary fs-14-14-14 fw400\">Reglarea direc\u021biei fluxului de aer<\/span><span class=\"spec-card__value typography fs-14-14-14 fw500\">Da<\/span><\/div>\n<div class=\"spec-card__row\"><span class=\"spec-card__key typography color-secondary fs-14-14-14 fw400\">Auto-diagnoza<\/span><span class=\"spec-card__value typography fs-14-14-14 fw500\">Da<\/span><\/div>\n<div class=\"spec-card__row\"><span class=\"spec-card__key typography color-secondary fs-14-14-14 fw400\">Mod de somn<\/span><span class=\"spec-card__value typography fs-14-14-14 fw500\">Da<\/span><\/div>\n<div class=\"spec-card__row\"><span class=\"spec-card__key typography color-secondary fs-14-14-14 fw400\">Timer pornire \/ oprire<\/span><span class=\"spec-card__value typography fs-14-14-14 fw500\">Da<\/span><\/div>\n<div class=\"spec-card__row\"><span class=\"spec-card__key typography color-secondary fs-14-14-14 fw400\">Autocur\u0103\u021bare<\/span><span class=\"spec-card__value typography fs-14-14-14 fw500\">Da<\/span><\/div>\n<div class=\"spec-card__row\"><span class=\"spec-card__key typography color-secondary fs-14-14-14 fw400\">Dezumidificarea aerului<\/span><span class=\"spec-card__value typography fs-14-14-14 fw500\">Da<\/span><\/div>\n<div class=\"spec-card__row\"><span class=\"spec-card__key typography color-secondary fs-14-14-14 fw400\">Wi-Fi<\/span><span class=\"spec-card__value typography fs-14-14-14 fw500\">Da<\/span><\/div>\n<div class=\"spec-card__row\"><span class=\"spec-card__key typography color-secondary fs-14-14-14 fw400\">Ecosistem Smart Home<\/span><span class=\"spec-card__value typography fs-14-14-14 fw500\">LG ThinQ<\/span><\/div>\n<\/section>\n<p>&nbsp;<\/p>\n<section class=\"spec-card card\">\n<h3 class=\"typography fs-18-18-18 fs4 default fw600 spec-card__title\">Dimensiuni \u0219i Greutate<\/h3>\n<div class=\"spec-card__row\"><span class=\"spec-card__key typography color-secondary fs-14-14-14 fw400\">L\u0103\u021bimea blocului interior (cm)<\/span><span class=\"spec-card__value typography fs-14-14-14 fw500\">91.3<\/span><\/div>\n<div class=\"spec-card__row\"><span class=\"spec-card__key typography color-secondary fs-14-14-14 fw400\">Ad\u00e2ncimea blocului interior (cm)<\/span><span class=\"spec-card__value typography fs-14-14-14 fw500\">20.4<\/span><\/div>\n<div class=\"spec-card__row\"><span class=\"spec-card__key typography color-secondary fs-14-14-14 fw400\">\u00cen\u0103l\u021bimea blocului interior (cm)<\/span><span class=\"spec-card__value typography fs-14-14-14 fw500\">30.9<\/span><\/div>\n<div class=\"spec-card__row\"><span class=\"spec-card__key typography color-secondary fs-14-14-14 fw400\">Greutatea blocului interior (kg)<\/span><span class=\"spec-card__value typography fs-14-14-14 fw500\">9.2<\/span><\/div>\n<div class=\"spec-card__row\"><span class=\"spec-card__key typography color-secondary fs-14-14-14 fw400\">L\u0103\u021bimea blocului exterior (cm)<\/span><span class=\"spec-card__value typography fs-14-14-14 fw500\">78.7<\/span><\/div>\n<div class=\"spec-card__row\"><span class=\"spec-card__key typography color-secondary fs-14-14-14 fw400\">Ad\u00e2ncimea blocului exterior (cm)<\/span><span class=\"spec-card__value typography fs-14-14-14 fw500\">29<\/span><\/div>\n<div class=\"spec-card__row\"><span class=\"spec-card__key typography color-secondary fs-14-14-14 fw400\">\u00cen\u0103l\u021bimea blocului exterior (cm)<\/span><span class=\"spec-card__value typography fs-14-14-14 fw500\">49.8<\/span><\/div>\n<div class=\"spec-card__row\"><span class=\"spec-card__key typography color-secondary fs-14-14-14 fw400\">Greutatea blocului exterior (kg)<\/span><span class=\"spec-card__value typography fs-14-14-14 fw500\">21.1<\/span><\/div>\n<\/section>\n<p>&nbsp;<\/p>\n<section class=\"spec-card card\">\n<h3 class=\"typography fs-18-18-18 fs4 default fw600 spec-card__title\">Design<\/h3>\n<div class=\"spec-card__row\"><span class=\"spec-card__key typography color-secondary fs-14-14-14 fw400\">Lungime maxim\u0103 traseu (m)<\/span><span class=\"spec-card__value typography fs-14-14-14 fw500\">15<\/span><\/div>\n<div class=\"spec-card__row\"><span class=\"spec-card__key typography color-secondary fs-14-14-14 fw400\">Diferen\u021ba maxim\u0103 de nivel (m)<\/span><span class=\"spec-card__value typography fs-14-14-14 fw500\">10<\/span><\/div>\n<\/section>\n","protected":false},"excerpt":{"rendered":"<p>Caracteristici de Baz\u0103 Tip aparatAparat de aer condi\u021bionat Split Tipul bloculuii interiorSe monteaz\u0103 pe perete Nuan\u021b\u0103 culoareAlb Functii climatizare\u00cenc\u0103lzire, R\u0103cire Suprafa\u0163a acoperit\u0103p\u00een\u0103 la 35 m\u00b2 Agent frigorificR-32 CuloareAlb ModelWZ12AWN &nbsp; Performan\u021b\u0103 \u0219i energie Tehnologie InverterDa Clasa de eficien\u021b\u0103 energetic\u0103A++ Capacitate de r\u0103cire (kBTU\/h)12 Capacitate r\u0103cire (kW)3.45 Capacitate \u00eenc\u0103lzire (kW)3.5 Nivel de zgomot maxim (dB)55 &nbsp; [&hellip;]<\/p>\n","protected":false},"featured_media":604,"comment_status":"open","ping_status":"closed","template":"","meta":{"site-container-style":"default","site-container-layout":"default","site-sidebar-layout":"default","disable-article-header":"default","disable-site-header":"default","disable-site-footer":"default","disable-content-area-spacing":"default"},"product_brand":[131],"product_cat":[28],"product_tag":[],"class_list":{"0":"post-608","1":"product","2":"type-product","3":"status-publish","4":"has-post-thumbnail","6":"product_brand-lg","7":"product_cat-condtionere","9":"first","10":"instock","11":"sale","12":"shipping-taxable","13":"purchasable","14":"product-type-simple"},"jetpack_sharing_enabled":true,"_links":{"self":[{"href":"https:\/\/casacalda.md\/index.php?rest_route=\/wp\/v2\/product\/608","targetHints":{"allow":["GET"]}}],"collection":[{"href":"https:\/\/casacalda.md\/index.php?rest_route=\/wp\/v2\/product"}],"about":[{"href":"https:\/\/casacalda.md\/index.php?rest_route=\/wp\/v2\/types\/product"}],"replies":[{"embeddable":true,"href":"https:\/\/casacalda.md\/index.php?rest_route=%2Fwp%2Fv2%2Fcomments&post=608"}],"wp:featuredmedia":[{"embeddable":true,"href":"https:\/\/casacalda.md\/index.php?rest_route=\/wp\/v2\/media\/604"}],"wp:attachment":[{"href":"https:\/\/casacalda.md\/index.php?rest_route=%2Fwp%2Fv2%2Fmedia&parent=608"}],"wp:term":[{"taxonomy":"product_brand","embeddable":true,"href":"https:\/\/casacalda.md\/index.php?rest_route=%2Fwp%2Fv2%2Fproduct_brand&post=608"},{"taxonomy":"product_cat","embeddable":true,"href":"https:\/\/casacalda.md\/index.php?rest_route=%2Fwp%2Fv2%2Fproduct_cat&post=608"},{"taxonomy":"product_tag","embeddable":true,"href":"https:\/\/casacalda.md\/index.php?rest_route=%2Fwp%2Fv2%2Fproduct_tag&post=608"}],"curies":[{"name":"wp","href":"https:\/\/api.w.org\/{rel}","templated":true}]}}